{"id":4818,"date":"2026-01-28T14:21:55","date_gmt":"2026-01-28T14:21:55","guid":{"rendered":"https:\/\/accademiafemminilmente.it\/?post_type=product&#038;p=4818"},"modified":"2026-01-29T12:31:52","modified_gmt":"2026-01-29T12:31:52","slug":"consulenze-on-line-mewaby","status":"publish","type":"product","link":"https:\/\/accademiafemminilmente.it\/?product=consulenze-on-line-mewaby","title":{"rendered":"Consulenze on line Mewaby"},"content":{"rendered":"<p class=\"p1\">Ogni coppia ha una storia.<\/p>\n<p class=\"p1\">A volte quella storia si ferma davanti ad incomprensioni, stress, routine e silenzi.<\/p>\n<p class=\"p1\">Pi\u00f9 di 180 coppie hanno gi\u00e0 raggiunto il livello successivo della loro relazione grazie al Metodo MEWABY, un percorso strutturato e personalizzato per trasformare la vostra relazione in una coppia consapevole, unita e motivata.<\/p>\n<p class=\"p1\"><strong>Coaching One-to-One su Caso Specifico<\/strong><\/p>\n<p class=\"p1\">Durante la consulenza analizzeremo da dove partite oggi e definiremo insieme l\u2019obiettivo finale della vostra coppia, creando una strategia concreta per raggiungerlo.<\/p>\n<p class=\"p1\">Affronteremo in modo pratico e mirato:<br \/>\n&#8211; Comunicazione mancante o conflittuale.<br \/>\n&#8211; Cattiva organizzazione del tempo di coppia.<br \/>\n&#8211; Pessima gestione delle finanze nella relazione.<br \/>\n&#8211; Mancanza di stimoli e passione per ri-entusiasmarsi.<br \/>\n&#8211; Migliorare l\u2019intimit\u00e0 e la relazione sessuale.<\/p>\n<p class=\"p1\"><strong>Cosa otterrete dalla consulenza<\/strong><\/p>\n<p class=\"p1\">La consulenza vi dar\u00e0 lo spazio e gli strumenti per:<br \/>\n&#8211; Comprendere le vere motivazioni di entrambi che bloccano la relazione.<br \/>\n&#8211; Identificare schemi e blocchi inconsci.<br \/>\n&#8211; Costruire una visione comune e un piano d\u2019azione concreto.<br \/>\n&#8211; Ritrovare connessione, complicit\u00e0 e direzione.<\/p>\n<p class=\"p1\">Con la mia consulenza one-to-one, analizzeremo il vostro caso specifico, partendo da dove siete oggi per tracciare insieme un percorso chiaro verso la relazione che desiderate.<\/p>\n<p class=\"p1\">Avrete uno spazio sicuro per comprendere le motivazioni profonde di entrambi, individuare ci\u00f2 che vi blocca e trasformarlo in nuove opportunit\u00e0 di crescita, connessione e intimit\u00e0. Vi aiuter\u00f2 a comprendere le motivazioni profonde che vi bloccano ed a trasformarle in consapevolezza, azione e crescita condivisa.<\/p>\n<p class=\"p1\">Perch\u00e9 una coppia non deve solo sopravvivere.<\/p>\n<p class=\"p1\">Deve evolvere.<\/p>\n<p class=\"p1\"><strong>Il vostro rapporto pu\u00f2 diventare pi\u00f9 consapevole, stabile e appagante.<\/strong><\/p>\n<p class=\"p1\">Iniziamo oggi!<\/p>\n<h3 data-start=\"280\" data-end=\"312\">Cosa succede dopo l\u2019acquisto<\/h3>\n<p data-start=\"314\" data-end=\"455\">Dopo aver completato l\u2019acquisto della consulenza, verrete <strong data-start=\"372\" data-end=\"400\">contattati personalmente<\/strong> per concordare <strong data-start=\"416\" data-end=\"433\">data e orario<\/strong> dell\u2019incontro online.<\/p>\n<p data-start=\"457\" data-end=\"655\">La consulenza sar\u00e0 organizzata in base alle vostre disponibilit\u00e0 e alle specifiche esigenze della coppia, cos\u00ec da garantire uno spazio riservato, sicuro e dedicato esclusivamente al vostro percorso.<\/p>\n<p data-start=\"657\" data-end=\"830\">Riceverete tutte le indicazioni necessarie per prepararvi al meglio all\u2019incontro ed iniziare fin da subito un lavoro concreto, mirato e personalizzato sulla vostra relazione.<\/p>\n<p data-start=\"832\" data-end=\"1014\">Questo non \u00e8 un semplice appuntamento, ma una presa di <strong data-start=\"874\" data-end=\"913\">consapevolezza<\/strong>\u00a0per accompagnarvi verso una relazione pi\u00f9 chiara, stabile ed appagante.<\/p>\n<p data-start=\"1016\" data-end=\"1051\">Siete pronti a fare il primo passo?<\/p>\n","protected":false},"excerpt":{"rendered":"<p class=\"p1\">Ogni coppia ha una storia.<\/p>\n<p class=\"p1\">A volte quella storia si ferma davanti ad incomprensioni, stress, routine e silenzi.<\/p>\n<p class=\"p1\">Pi\u00f9 di 180 coppie hanno gi\u00e0 raggiunto il livello successivo della loro relazione grazie al Metodo MEWABY, un percorso strutturato e personalizzato per trasformare la vostra relazione in una coppia consapevole, unita e motivata.<\/p>\n<p class=\"p1\"><strong>Coaching One-to-One su Caso Specifico<\/strong><\/p>\n<p class=\"p1\">Durante la consulenza analizzeremo da dove partite oggi e definiremo insieme l\u2019obiettivo finale della vostra coppia, creando una strategia concreta per raggiungerlo.<\/p>\n<p class=\"p1\">Affronteremo in modo pratico e mirato:<br \/>\n&#8211; Comunicazione mancante o conflittuale.<br \/>\n&#8211; Cattiva organizzazione del tempo di coppia.<br \/>\n&#8211; Pessima gestione delle finanze nella relazione.<br \/>\n&#8211; Mancanza di stimoli e passione per ri-entusiasmarsi.<br \/>\n&#8211; Migliorare l\u2019intimit\u00e0 e la relazione sessuale.<\/p>\n<p class=\"p1\"><strong>Cosa otterrete dalla consulenza<\/strong><\/p>\n<p class=\"p1\">La consulenza vi dar\u00e0 lo spazio e gli strumenti per:<br \/>\n&#8211; Comprendere le vere motivazioni di entrambi che bloccano la relazione.<br \/>\n&#8211; Identificare schemi e blocchi inconsci.<br \/>\n&#8211; Costruire una visione comune e un piano d\u2019azione concreto.<br \/>\n&#8211; Ritrovare connessione, complicit\u00e0 e direzione.<\/p>\n<p class=\"p1\">Con la mia consulenza one-to-one, analizzeremo il vostro caso specifico, partendo da dove siete oggi per tracciare insieme un percorso chiaro verso la relazione che desiderate.<\/p>\n<p class=\"p1\">Avrete uno spazio sicuro per comprendere le motivazioni profonde di entrambi, individuare ci\u00f2 che vi blocca e trasformarlo in nuove opportunit\u00e0 di crescita, connessione e intimit\u00e0. Vi aiuter\u00f2 a comprendere le motivazioni profonde che vi bloccano ed a trasformarle in consapevolezza, azione e crescita condivisa.<\/p>\n<p class=\"p1\">Perch\u00e9 una coppia non deve solo sopravvivere.<\/p>\n<p class=\"p1\">Deve evolvere.<\/p>\n<p class=\"p1\"><strong>Il vostro rapporto pu\u00f2 diventare pi\u00f9 consapevole, stabile e appagante.<\/strong><\/p>\n<p class=\"p1\">Iniziamo oggi!<\/p>\n<h3 data-start=\"280\" data-end=\"312\">Cosa succede dopo l\u2019acquisto<\/h3>\n<p data-start=\"314\" data-end=\"455\">Dopo aver completato l\u2019acquisto della consulenza, verrete <strong data-start=\"372\" data-end=\"400\">contattati personalmente<\/strong> per concordare <strong data-start=\"416\" data-end=\"433\">data e orario<\/strong> dell\u2019incontro online.<\/p>\n<p data-start=\"457\" data-end=\"655\">La consulenza sar\u00e0 organizzata in base alle vostre disponibilit\u00e0 e alle specifiche esigenze della coppia, cos\u00ec da garantire uno spazio riservato, sicuro e dedicato esclusivamente al vostro percorso.<\/p>\n<p data-start=\"657\" data-end=\"830\">Riceverete tutte le indicazioni necessarie per prepararvi al meglio all\u2019incontro ed iniziare fin da subito un lavoro concreto, mirato e personalizzato sulla vostra relazione.<\/p>\n<p data-start=\"832\" data-end=\"1014\">Questo non \u00e8 un semplice appuntamento, ma una presa di <strong data-start=\"874\" data-end=\"913\">consapevolezza<\/strong>\u00a0per accompagnarvi verso una relazione pi\u00f9 chiara, stabile ed appagante.<\/p>\n<p data-start=\"1016\" data-end=\"1051\">Siete pronti a fare il primo passo?<\/p>\n","protected":false},"featured_media":4819,"comment_status":"open","ping_status":"closed","template":"","format":"standard","meta":{"_acf_changed":false,"_sitemap_exclude":false,"_sitemap_priority":"","_sitemap_frequency":""},"product_brand":[],"product_cat":[51],"product_tag":[],"class_list":{"0":"post-4818","1":"product","2":"type-product","3":"status-publish","4":"format-standard","5":"has-post-thumbnail","7":"product_cat-mewaby","9":"first","10":"instock","11":"virtual","12":"taxable","13":"purchasable","14":"product-type-simple"},"acf":[],"yoast_head":"<!-- This site is optimized with the Yoast SEO plugin v27.0 - https:\/\/yoast.com\/product\/yoast-seo-wordpress\/ -->\n<title>Consulenze on line Mewaby - Femminilmente<\/title>\n<meta name=\"robots\" content=\"index, follow, max-snippet:-1, max-image-preview:large, max-video-preview:-1\" \/>\n<link rel=\"canonical\" href=\"https:\/\/accademiafemminilmente.it\/?product=consulenze-on-line-mewaby\" \/>\n<meta property=\"og:locale\" content=\"it_IT\" \/>\n<meta property=\"og:type\" content=\"article\" \/>\n<meta property=\"og:title\" content=\"Consulenze on line Mewaby - Femminilmente\" \/>\n<meta property=\"og:description\" content=\"Ogni coppia ha una storia. A volte quella storia si ferma davanti ad incomprensioni, stress, routine e silenzi. Pi\u00f9 di 180 coppie hanno gi\u00e0 raggiunto il livello successivo della loro relazione grazie al Metodo MEWABY, un percorso strutturato e personalizzato per trasformare la vostra relazione in una coppia consapevole, unita e motivata. Coaching One-to-One su Caso Specifico Durante la consulenza analizzeremo da dove partite oggi e definiremo insieme l\u2019obiettivo finale della vostra coppia, creando una strategia concreta per raggiungerlo. Affronteremo in modo pratico e mirato: - Comunicazione mancante o conflittuale. - Cattiva organizzazione del tempo di coppia. - Pessima gestione delle finanze nella relazione. - Mancanza di stimoli e passione per ri-entusiasmarsi. - Migliorare l\u2019intimit\u00e0 e la relazione sessuale. Cosa otterrete dalla consulenza La consulenza vi dar\u00e0 lo spazio e gli strumenti per: - Comprendere le vere motivazioni di entrambi che bloccano la relazione. - Identificare schemi e blocchi inconsci. - Costruire una visione comune e un piano d\u2019azione concreto. - Ritrovare connessione, complicit\u00e0 e direzione. Con la mia consulenza one-to-one, analizzeremo il vostro caso specifico, partendo da dove siete oggi per tracciare insieme un percorso chiaro verso la relazione che desiderate. Avrete uno spazio sicuro per comprendere le motivazioni profonde di entrambi, individuare ci\u00f2 che vi blocca e trasformarlo in nuove opportunit\u00e0 di crescita, connessione e intimit\u00e0. Vi aiuter\u00f2 a comprendere le motivazioni profonde che vi bloccano ed a trasformarle in consapevolezza, azione e crescita condivisa. Perch\u00e9 una coppia non deve solo sopravvivere. Deve evolvere. Il vostro rapporto pu\u00f2 diventare pi\u00f9 consapevole, stabile e appagante. Iniziamo oggi!  Cosa succede dopo l\u2019acquisto Dopo aver completato l\u2019acquisto della consulenza, verrete contattati personalmente per concordare data e orario dell\u2019incontro online. La consulenza sar\u00e0 organizzata in base alle vostre disponibilit\u00e0 e alle specifiche esigenze della coppia, cos\u00ec da garantire uno spazio riservato, sicuro e dedicato esclusivamente al vostro percorso. Riceverete tutte le indicazioni necessarie per prepararvi al meglio all\u2019incontro ed iniziare fin da subito un lavoro concreto, mirato e personalizzato sulla vostra relazione. Questo non \u00e8 un semplice appuntamento, ma una presa di consapevolezza\u00a0per accompagnarvi verso una relazione pi\u00f9 chiara, stabile ed appagante. Siete pronti a fare il primo passo?\" \/>\n<meta property=\"og:url\" content=\"https:\/\/accademiafemminilmente.it\/?product=consulenze-on-line-mewaby\" \/>\n<meta property=\"og:site_name\" content=\"Femminilmente\" \/>\n<meta property=\"article:publisher\" content=\"https:\/\/www.facebook.com\/mewaby\" \/>\n<meta property=\"article:modified_time\" content=\"2026-01-29T12:31:52+00:00\" \/>\n<meta property=\"og:image\" content=\"https:\/\/accademiafemminilmente.it\/wp-content\/uploads\/2026\/01\/consulenza-coppie.jpg\" \/>\n\t<meta property=\"og:image:width\" content=\"720\" \/>\n\t<meta property=\"og:image:height\" content=\"480\" \/>\n\t<meta property=\"og:image:type\" content=\"image\/jpeg\" \/>\n<meta name=\"twitter:card\" content=\"summary_large_image\" \/>\n<meta name=\"twitter:label1\" content=\"Tempo di lettura stimato\" \/>\n\t<meta name=\"twitter:data1\" content=\"2 minuti\" \/>\n<script type=\"application\/ld+json\" class=\"yoast-schema-graph\">{\"@context\":\"https:\/\/schema.org\",\"@graph\":[{\"@type\":\"WebPage\",\"@id\":\"https:\/\/accademiafemminilmente.it\/?product=consulenze-on-line-mewaby\",\"url\":\"https:\/\/accademiafemminilmente.it\/?product=consulenze-on-line-mewaby\",\"name\":\"Consulenze on line Mewaby - Femminilmente\",\"isPartOf\":{\"@id\":\"https:\/\/accademiafemminilmente.it\/#website\"},\"primaryImageOfPage\":{\"@id\":\"https:\/\/accademiafemminilmente.it\/?product=consulenze-on-line-mewaby#primaryimage\"},\"image\":{\"@id\":\"https:\/\/accademiafemminilmente.it\/?product=consulenze-on-line-mewaby#primaryimage\"},\"thumbnailUrl\":\"https:\/\/accademiafemminilmente.it\/wp-content\/uploads\/2026\/01\/consulenza-coppie.jpg\",\"datePublished\":\"2026-01-28T14:21:55+00:00\",\"dateModified\":\"2026-01-29T12:31:52+00:00\",\"breadcrumb\":{\"@id\":\"https:\/\/accademiafemminilmente.it\/?product=consulenze-on-line-mewaby#breadcrumb\"},\"inLanguage\":\"it-IT\",\"potentialAction\":[{\"@type\":\"ReadAction\",\"target\":[\"https:\/\/accademiafemminilmente.it\/?product=consulenze-on-line-mewaby\"]}]},{\"@type\":\"ImageObject\",\"inLanguage\":\"it-IT\",\"@id\":\"https:\/\/accademiafemminilmente.it\/?product=consulenze-on-line-mewaby#primaryimage\",\"url\":\"https:\/\/accademiafemminilmente.it\/wp-content\/uploads\/2026\/01\/consulenza-coppie.jpg\",\"contentUrl\":\"https:\/\/accademiafemminilmente.it\/wp-content\/uploads\/2026\/01\/consulenza-coppie.jpg\",\"width\":720,\"height\":480},{\"@type\":\"BreadcrumbList\",\"@id\":\"https:\/\/accademiafemminilmente.it\/?product=consulenze-on-line-mewaby#breadcrumb\",\"itemListElement\":[{\"@type\":\"ListItem\",\"position\":1,\"name\":\"Home\",\"item\":\"https:\/\/accademiafemminilmente.it\/\"},{\"@type\":\"ListItem\",\"position\":2,\"name\":\"Shop\",\"item\":\"https:\/\/accademiafemminilmente.it\/?page_id=9\"},{\"@type\":\"ListItem\",\"position\":3,\"name\":\"Consulenze on line Mewaby\"}]},{\"@type\":\"WebSite\",\"@id\":\"https:\/\/accademiafemminilmente.it\/#website\",\"url\":\"https:\/\/accademiafemminilmente.it\/\",\"name\":\"Accademia Femminilmente\",\"description\":\"riprendiamo in mano la nostra vita\",\"publisher\":{\"@id\":\"https:\/\/accademiafemminilmente.it\/#organization\"},\"potentialAction\":[{\"@type\":\"SearchAction\",\"target\":{\"@type\":\"EntryPoint\",\"urlTemplate\":\"https:\/\/accademiafemminilmente.it\/?s={search_term_string}\"},\"query-input\":{\"@type\":\"PropertyValueSpecification\",\"valueRequired\":true,\"valueName\":\"search_term_string\"}}],\"inLanguage\":\"it-IT\"},{\"@type\":\"Organization\",\"@id\":\"https:\/\/accademiafemminilmente.it\/#organization\",\"name\":\"Femminilmente\",\"url\":\"https:\/\/accademiafemminilmente.it\/\",\"logo\":{\"@type\":\"ImageObject\",\"inLanguage\":\"it-IT\",\"@id\":\"https:\/\/accademiafemminilmente.it\/#\/schema\/logo\/image\/\",\"url\":\"https:\/\/accademiafemminilmente.it\/wp-content\/uploads\/2025\/11\/femminilmente-1-1.svg\",\"contentUrl\":\"https:\/\/accademiafemminilmente.it\/wp-content\/uploads\/2025\/11\/femminilmente-1-1.svg\",\"width\":1920,\"height\":356,\"caption\":\"Femminilmente\"},\"image\":{\"@id\":\"https:\/\/accademiafemminilmente.it\/#\/schema\/logo\/image\/\"},\"sameAs\":[\"https:\/\/www.facebook.com\/mewaby\",\"https:\/\/www.facebook.com\/studioostetricoalessandra.salerno\",\"https:\/\/www.instagram.com\/metodomewaby\",\"https:\/\/www.instagram.com\/dottoressa.salerno?igsh=b2t5d2ZldWptZngw\"]}]}<\/script>\n<!-- \/ Yoast SEO plugin. -->","yoast_head_json":{"title":"Consulenze on line Mewaby - Femminilmente","robots":{"index":"index","follow":"follow","max-snippet":"max-snippet:-1","max-image-preview":"max-image-preview:large","max-video-preview":"max-video-preview:-1"},"canonical":"https:\/\/accademiafemminilmente.it\/?product=consulenze-on-line-mewaby","og_locale":"it_IT","og_type":"article","og_title":"Consulenze on line Mewaby - Femminilmente","og_description":"Ogni coppia ha una storia. A volte quella storia si ferma davanti ad incomprensioni, stress, routine e silenzi. Pi\u00f9 di 180 coppie hanno gi\u00e0 raggiunto il livello successivo della loro relazione grazie al Metodo MEWABY, un percorso strutturato e personalizzato per trasformare la vostra relazione in una coppia consapevole, unita e motivata. Coaching One-to-One su Caso Specifico Durante la consulenza analizzeremo da dove partite oggi e definiremo insieme l\u2019obiettivo finale della vostra coppia, creando una strategia concreta per raggiungerlo. Affronteremo in modo pratico e mirato: - Comunicazione mancante o conflittuale. - Cattiva organizzazione del tempo di coppia. - Pessima gestione delle finanze nella relazione. - Mancanza di stimoli e passione per ri-entusiasmarsi. - Migliorare l\u2019intimit\u00e0 e la relazione sessuale. Cosa otterrete dalla consulenza La consulenza vi dar\u00e0 lo spazio e gli strumenti per: - Comprendere le vere motivazioni di entrambi che bloccano la relazione. - Identificare schemi e blocchi inconsci. - Costruire una visione comune e un piano d\u2019azione concreto. - Ritrovare connessione, complicit\u00e0 e direzione. Con la mia consulenza one-to-one, analizzeremo il vostro caso specifico, partendo da dove siete oggi per tracciare insieme un percorso chiaro verso la relazione che desiderate. Avrete uno spazio sicuro per comprendere le motivazioni profonde di entrambi, individuare ci\u00f2 che vi blocca e trasformarlo in nuove opportunit\u00e0 di crescita, connessione e intimit\u00e0. Vi aiuter\u00f2 a comprendere le motivazioni profonde che vi bloccano ed a trasformarle in consapevolezza, azione e crescita condivisa. Perch\u00e9 una coppia non deve solo sopravvivere. Deve evolvere. Il vostro rapporto pu\u00f2 diventare pi\u00f9 consapevole, stabile e appagante. Iniziamo oggi!  Cosa succede dopo l\u2019acquisto Dopo aver completato l\u2019acquisto della consulenza, verrete contattati personalmente per concordare data e orario dell\u2019incontro online. La consulenza sar\u00e0 organizzata in base alle vostre disponibilit\u00e0 e alle specifiche esigenze della coppia, cos\u00ec da garantire uno spazio riservato, sicuro e dedicato esclusivamente al vostro percorso. Riceverete tutte le indicazioni necessarie per prepararvi al meglio all\u2019incontro ed iniziare fin da subito un lavoro concreto, mirato e personalizzato sulla vostra relazione. Questo non \u00e8 un semplice appuntamento, ma una presa di consapevolezza\u00a0per accompagnarvi verso una relazione pi\u00f9 chiara, stabile ed appagante. Siete pronti a fare il primo passo?","og_url":"https:\/\/accademiafemminilmente.it\/?product=consulenze-on-line-mewaby","og_site_name":"Femminilmente","article_publisher":"https:\/\/www.facebook.com\/mewaby","article_modified_time":"2026-01-29T12:31:52+00:00","og_image":[{"width":720,"height":480,"url":"https:\/\/accademiafemminilmente.it\/wp-content\/uploads\/2026\/01\/consulenza-coppie.jpg","type":"image\/jpeg"}],"twitter_card":"summary_large_image","twitter_misc":{"Tempo di lettura stimato":"2 minuti"},"schema":{"@context":"https:\/\/schema.org","@graph":[{"@type":"WebPage","@id":"https:\/\/accademiafemminilmente.it\/?product=consulenze-on-line-mewaby","url":"https:\/\/accademiafemminilmente.it\/?product=consulenze-on-line-mewaby","name":"Consulenze on line Mewaby - Femminilmente","isPartOf":{"@id":"https:\/\/accademiafemminilmente.it\/#website"},"primaryImageOfPage":{"@id":"https:\/\/accademiafemminilmente.it\/?product=consulenze-on-line-mewaby#primaryimage"},"image":{"@id":"https:\/\/accademiafemminilmente.it\/?product=consulenze-on-line-mewaby#primaryimage"},"thumbnailUrl":"https:\/\/accademiafemminilmente.it\/wp-content\/uploads\/2026\/01\/consulenza-coppie.jpg","datePublished":"2026-01-28T14:21:55+00:00","dateModified":"2026-01-29T12:31:52+00:00","breadcrumb":{"@id":"https:\/\/accademiafemminilmente.it\/?product=consulenze-on-line-mewaby#breadcrumb"},"inLanguage":"it-IT","potentialAction":[{"@type":"ReadAction","target":["https:\/\/accademiafemminilmente.it\/?product=consulenze-on-line-mewaby"]}]},{"@type":"ImageObject","inLanguage":"it-IT","@id":"https:\/\/accademiafemminilmente.it\/?product=consulenze-on-line-mewaby#primaryimage","url":"https:\/\/accademiafemminilmente.it\/wp-content\/uploads\/2026\/01\/consulenza-coppie.jpg","contentUrl":"https:\/\/accademiafemminilmente.it\/wp-content\/uploads\/2026\/01\/consulenza-coppie.jpg","width":720,"height":480},{"@type":"BreadcrumbList","@id":"https:\/\/accademiafemminilmente.it\/?product=consulenze-on-line-mewaby#breadcrumb","itemListElement":[{"@type":"ListItem","position":1,"name":"Home","item":"https:\/\/accademiafemminilmente.it\/"},{"@type":"ListItem","position":2,"name":"Shop","item":"https:\/\/accademiafemminilmente.it\/?page_id=9"},{"@type":"ListItem","position":3,"name":"Consulenze on line Mewaby"}]},{"@type":"WebSite","@id":"https:\/\/accademiafemminilmente.it\/#website","url":"https:\/\/accademiafemminilmente.it\/","name":"Accademia Femminilmente","description":"riprendiamo in mano la nostra vita","publisher":{"@id":"https:\/\/accademiafemminilmente.it\/#organization"},"potentialAction":[{"@type":"SearchAction","target":{"@type":"EntryPoint","urlTemplate":"https:\/\/accademiafemminilmente.it\/?s={search_term_string}"},"query-input":{"@type":"PropertyValueSpecification","valueRequired":true,"valueName":"search_term_string"}}],"inLanguage":"it-IT"},{"@type":"Organization","@id":"https:\/\/accademiafemminilmente.it\/#organization","name":"Femminilmente","url":"https:\/\/accademiafemminilmente.it\/","logo":{"@type":"ImageObject","inLanguage":"it-IT","@id":"https:\/\/accademiafemminilmente.it\/#\/schema\/logo\/image\/","url":"https:\/\/accademiafemminilmente.it\/wp-content\/uploads\/2025\/11\/femminilmente-1-1.svg","contentUrl":"https:\/\/accademiafemminilmente.it\/wp-content\/uploads\/2025\/11\/femminilmente-1-1.svg","width":1920,"height":356,"caption":"Femminilmente"},"image":{"@id":"https:\/\/accademiafemminilmente.it\/#\/schema\/logo\/image\/"},"sameAs":["https:\/\/www.facebook.com\/mewaby","https:\/\/www.facebook.com\/studioostetricoalessandra.salerno","https:\/\/www.instagram.com\/metodomewaby","https:\/\/www.instagram.com\/dottoressa.salerno?igsh=b2t5d2ZldWptZngw"]}]}},"_links":{"self":[{"href":"https:\/\/accademiafemminilmente.it\/index.php?rest_route=\/wp\/v2\/product\/4818","targetHints":{"allow":["GET"]}}],"collection":[{"href":"https:\/\/accademiafemminilmente.it\/index.php?rest_route=\/wp\/v2\/product"}],"about":[{"href":"https:\/\/accademiafemminilmente.it\/index.php?rest_route=\/wp\/v2\/types\/product"}],"replies":[{"embeddable":true,"href":"https:\/\/accademiafemminilmente.it\/index.php?rest_route=%2Fwp%2Fv2%2Fcomments&post=4818"}],"wp:featuredmedia":[{"embeddable":true,"href":"https:\/\/accademiafemminilmente.it\/index.php?rest_route=\/wp\/v2\/media\/4819"}],"wp:attachment":[{"href":"https:\/\/accademiafemminilmente.it\/index.php?rest_route=%2Fwp%2Fv2%2Fmedia&parent=4818"}],"wp:term":[{"taxonomy":"product_brand","embeddable":true,"href":"https:\/\/accademiafemminilmente.it\/index.php?rest_route=%2Fwp%2Fv2%2Fproduct_brand&post=4818"},{"taxonomy":"product_cat","embeddable":true,"href":"https:\/\/accademiafemminilmente.it\/index.php?rest_route=%2Fwp%2Fv2%2Fproduct_cat&post=4818"},{"taxonomy":"product_tag","embeddable":true,"href":"https:\/\/accademiafemminilmente.it\/index.php?rest_route=%2Fwp%2Fv2%2Fproduct_tag&post=4818"}],"curies":[{"name":"wp","href":"https:\/\/api.w.org\/{rel}","templated":true}]}}