{"id":4435,"date":"2025-01-07T11:08:24","date_gmt":"2025-01-07T11:08:24","guid":{"rendered":"https:\/\/accademiafemminilmente.it\/?post_type=product&#038;p=4435"},"modified":"2026-01-29T16:54:15","modified_gmt":"2026-01-29T16:54:15","slug":"mewaby-1-step","status":"publish","type":"product","link":"https:\/\/accademiafemminilmente.it\/?product=mewaby-1-step","title":{"rendered":"Mewaby 1\u00b0 step"},"content":{"rendered":"<p style=\"text-align: center;\">\n<div class=\"wp-block-presto-player-reusable-edit\"><!--presto-player:video_id=49--><figure class=\"wp-block-video presto-block-video  presto-provider-youtube\" style=\"--plyr-color-main: var(--presto-player-highlight-color, #d7295b); --presto-player-logo-width: 150px; \">\n\t<presto-player \n\t\tpreset='{&quot;id&quot;:3,&quot;name&quot;:&quot;Simple&quot;,&quot;slug&quot;:&quot;simple&quot;,&quot;icon&quot;:&quot;video-alt3&quot;,&quot;skin&quot;:&quot;modern&quot;,&quot;play-large&quot;:true,&quot;rewind&quot;:false,&quot;play&quot;:true,&quot;fast-forward&quot;:false,&quot;progress&quot;:true,&quot;current-time&quot;:false,&quot;mute&quot;:false,&quot;volume&quot;:false,&quot;speed&quot;:false,&quot;pip&quot;:false,&quot;fullscreen&quot;:true,&quot;captions&quot;:false,&quot;reset_on_end&quot;:true,&quot;auto_hide&quot;:true,&quot;show_time_elapsed&quot;:false,&quot;captions_enabled&quot;:false,&quot;save_player_position&quot;:false,&quot;sticky_scroll&quot;:false,&quot;sticky_scroll_position&quot;:&quot;bottom right&quot;,&quot;on_video_end&quot;:&quot;select&quot;,&quot;play_video_viewport&quot;:false,&quot;hide_youtube&quot;:true,&quot;lazy_load_youtube&quot;:false,&quot;hide_logo&quot;:false,&quot;border_radius&quot;:0,&quot;caption_style&quot;:&quot;&quot;,&quot;caption_background&quot;:&quot;&quot;,&quot;is_locked&quot;:true,&quot;cta&quot;:[&quot;&quot;],&quot;watermark&quot;:[&quot;&quot;],&quot;search&quot;:[&quot;&quot;],&quot;email_collection&quot;:[&quot;&quot;],&quot;action_bar&quot;:[&quot;&quot;],&quot;created_by&quot;:1,&quot;created_at&quot;:&quot;2025-12-08 17:46:47&quot;,&quot;updated_at&quot;:&quot;2025-12-08 17:46:47&quot;,&quot;deleted_at&quot;:&quot;&quot;}'\n\t\tbranding='{&quot;logo&quot;:&quot;&quot;,&quot;color&quot;:&quot;#d7295b&quot;,&quot;logo_width&quot;:150,&quot;player_css&quot;:&quot;&quot;}'\n\t\tchapters='[]'\n\t\toverlays='[]'\n\t\ttracks='[]'\n\t\tblock-attributes='{&quot;playsInline&quot;:true,&quot;id&quot;:49,&quot;src&quot;:&quot;https:\\\/\\\/youtu.be\\\/DcdzID4ubZM&quot;,&quot;preset&quot;:3,&quot;video_id&quot;:&quot;DcdzID4ubZM&quot;,&quot;visibility&quot;:&quot;public&quot;,&quot;color&quot;:&quot;#00b3ff&quot;,&quot;mutedPreview&quot;:{&quot;enabled&quot;:false,&quot;captions&quot;:false},&quot;mutedOverlay&quot;:{&quot;enabled&quot;:false,&quot;src&quot;:&quot;&quot;,&quot;width&quot;:200,&quot;focalPoint&quot;:{&quot;x&quot;:0.5,&quot;y&quot;:0.5}},&quot;mutedOverlayType&quot;:&quot;text&quot;,&quot;mutedOverlayText&quot;:&quot;Click to play&quot;,&quot;mutedOverlayImageWidth&quot;:200,&quot;chapters&quot;:[],&quot;overlays&quot;:[],&quot;tracks&quot;:[],&quot;title&quot;:&quot;Video di presentazione ai corsi Mewaby&quot;}'\n\t\tanalytics=''\n\t\tautomations\t\tprovider='youtube'\n\t\t\t\tid=\"presto-player-1\"\n\t\tsrc=\"\/\/www.youtube.com\/embed\/DcdzID4ubZM?iv_load_policy=3&amp;modestbranding=1&amp;playinline=1&amp;showinfo=0&amp;rel=0&amp;enablejsapi=1\"\n\t\tmedia-title=\"Video di presentazione ai corsi Mewaby\"\n\t\tcss=\"\"\n\t\tclass=\"presto-video-id-49 presto-preset-id-3 skin-modern\"\n\t\tskin=\"modern\" \n\t\ticon-url=\"https:\/\/accademiafemminilmente.it\/wp-content\/plugins\/presto-player\/img\/sprite.svg\" \n\t\tpreload=\"\" \n\t\tposter=\"\"\n\t\tyoutube=\"{&quot;noCookie&quot;:false,&quot;channelId&quot;:&quot;&quot;,&quot;show_count&quot;:false}\"\n\t\tprovider-video-id=\"DcdzID4ubZM\"\n\t\tvideo-id=\"49\"\n\t\t\t\tplaysinline \n\t\t\t\t>\n\t\t\n    <div class=\"presto-iframe-fallback-container\">\n        <iframe style=\"width: 100%\" title=\"Youtube Video\" class=\"presto-fallback-iframe\" id=\"presto-iframe-fallback-1\" data-src=\"https:\/\/www.youtube.com\/embed\/DcdzID4ubZM?iv_load_policy=3&amp;modestbranding=1&amp;playsinline=1&amp;showinfo=0&amp;rel=0&amp;enablejsapi=1\" allowfullscreen allowtransparency allow=\"autoplay\"><\/iframe>\n    <\/div>\n\n\t<\/presto-player>\n<\/figure><\/div>\n<\/p>\n<p><strong><span style=\"font-size: 14.0pt;\">Mewaby \u2013 Il Percorso di Coppia per Comunicare, Connettersi e Crescere Insieme<\/span><\/strong><\/p>\n<p data-start=\"260\" data-end=\"508\">Mewaby \u00e8 il percorso dedicato alle coppie che vogliono smettere di scontrarsi e iniziare a confrontarsi con empatia e leggerezza. \u00c8 pensato per chi desidera <strong data-start=\"417\" data-end=\"505\">divertirsi insieme, rafforzare la relazione e costruire un futuro stabile e duraturo<\/strong>.<\/p>\n<p data-start=\"510\" data-end=\"597\"><strong data-start=\"510\" data-end=\"537\">Obiettivo del percorso:<\/strong> Allineare la coppia sulla stessa frequenza\u2026 finch\u00e9 vivr\u00e0.<\/p>\n<p data-start=\"599\" data-end=\"627\">Il programma ti guider\u00e0 a:<\/p>\n<ul data-start=\"628\" data-end=\"1042\">\n<li data-start=\"628\" data-end=\"677\">\n<p data-start=\"630\" data-end=\"677\">Potenziare l\u2019autostima personale e di coppia.<\/p>\n<\/li>\n<li data-start=\"678\" data-end=\"741\">\n<p data-start=\"680\" data-end=\"741\">Tirare fuori i sogni dal cassetto e trasformarli in realt\u00e0.<\/p>\n<\/li>\n<li data-start=\"742\" data-end=\"833\">\n<p data-start=\"744\" data-end=\"833\">Imparare a fissare obiettivi e gestire il tempo per liberarsi dalla routine quotidiana.<\/p>\n<\/li>\n<li data-start=\"834\" data-end=\"906\">\n<p data-start=\"836\" data-end=\"906\">Lavorare sui condizionamenti mentali per capire cosa meriti davvero.<\/p>\n<\/li>\n<li data-start=\"907\" data-end=\"1042\">\n<p data-start=\"909\" data-end=\"1042\">Mantenere la costanza per passare dallo stato attuale a quello ideale: <strong data-start=\"980\" data-end=\"1039\">solo agendo diversamente si ottengono risultati diversi<\/strong>.<\/p>\n<\/li>\n<\/ul>\n<p data-start=\"1044\" data-end=\"1182\">Una tappa fondamentale sar\u00e0 dedicata a <strong data-start=\"1083\" data-end=\"1117\">valori, sentimenti ed emozioni<\/strong>: chi siamo, cosa desideriamo e come gestiamo ci\u00f2 che proviamo.<\/p>\n<p data-start=\"1184\" data-end=\"1354\">Grazie al meccanismo <strong data-start=\"1205\" data-end=\"1224\">\u201cStory Partner\u201d<\/strong>, la coppia scoprir\u00e0 quanto diversa sia la storia mentale di ciascuno e come comprenderla, gestendo le reazioni senza conflitti.<\/p>\n<p data-start=\"1356\" data-end=\"1387\"><strong data-start=\"1356\" data-end=\"1385\">Cosa otterrai con Mewaby:<\/strong><\/p>\n<ul data-start=\"1388\" data-end=\"1878\">\n<li data-start=\"1388\" data-end=\"1454\">\n<p data-start=\"1390\" data-end=\"1454\">Ricaricare la tua energia personale e trasferirla alla coppia.<\/p>\n<\/li>\n<li data-start=\"1455\" data-end=\"1544\">\n<p data-start=\"1457\" data-end=\"1544\">Allenarti a riconoscere e gestire le emozioni per ottenere nuovi meccanismi d\u2019azione.<\/p>\n<\/li>\n<li data-start=\"1545\" data-end=\"1618\">\n<p data-start=\"1547\" data-end=\"1618\">Usare le parole per suscitare emozioni positive e risultati concreti.<\/p>\n<\/li>\n<li data-start=\"1619\" data-end=\"1669\">\n<p data-start=\"1621\" data-end=\"1669\">Comunicare la tua energia attraverso il corpo.<\/p>\n<\/li>\n<li data-start=\"1670\" data-end=\"1722\">\n<p data-start=\"1672\" data-end=\"1722\">Divertirti e rendere divertente la vita insieme.<\/p>\n<\/li>\n<li data-start=\"1723\" data-end=\"1781\">\n<p data-start=\"1725\" data-end=\"1781\">Chiedere conferme e chiarire ci\u00f2 che \u00e8 stato compreso.<\/p>\n<\/li>\n<li data-start=\"1782\" data-end=\"1878\">\n<p data-start=\"1784\" data-end=\"1878\">Affrontare ogni giorno sapendo che la parte migliore della vita di coppia ti aspetta ancora.<\/p>\n<\/li>\n<\/ul>\n<p data-start=\"1880\" data-end=\"1985\">L\u2019Amore \u00e8 perfetto nella sua imperfezione\u2026 perch\u00e9 l\u2019Amore \u00e8 un vero <strong data-start=\"1969\" data-end=\"1982\">artigiano<\/strong>.<\/p>\n<p>&nbsp;<\/p>\n","protected":false},"excerpt":{"rendered":"<p><strong><span style=\"font-size: 14.0pt;\">Mewaby \u2013 Il Percorso di Coppia per Comunicare, Connettersi e Crescere Insieme<\/span><\/strong><\/p>\n<p data-start=\"260\" data-end=\"508\">Mewaby \u00e8 il percorso dedicato alle coppie che vogliono smettere di scontrarsi e iniziare a confrontarsi con empatia e leggerezza. \u00c8 pensato per chi desidera <strong data-start=\"417\" data-end=\"505\">divertirsi insieme, rafforzare la relazione e costruire un futuro stabile e duraturo<\/strong>.<\/p>\n<p data-start=\"510\" data-end=\"597\"><strong data-start=\"510\" data-end=\"537\">Obiettivo del percorso:<\/strong> Allineare la coppia sulla stessa frequenza\u2026 finch\u00e9 vivr\u00e0.<\/p>\n<p data-start=\"599\" data-end=\"627\">Il programma ti guider\u00e0 a:<\/p>\n<ul data-start=\"628\" data-end=\"1042\">\n<li data-start=\"628\" data-end=\"677\">\n<p data-start=\"630\" data-end=\"677\">Potenziare l\u2019autostima personale e di coppia.<\/p>\n<\/li>\n<li data-start=\"678\" data-end=\"741\">\n<p data-start=\"680\" data-end=\"741\">Tirare fuori i sogni dal cassetto e trasformarli in realt\u00e0.<\/p>\n<\/li>\n<li data-start=\"742\" data-end=\"833\">\n<p data-start=\"744\" data-end=\"833\">Imparare a fissare obiettivi e gestire il tempo per liberarsi dalla routine quotidiana.<\/p>\n<\/li>\n<li data-start=\"834\" data-end=\"906\">\n<p data-start=\"836\" data-end=\"906\">Lavorare sui condizionamenti mentali per capire cosa meriti davvero.<\/p>\n<\/li>\n<li data-start=\"907\" data-end=\"1042\">\n<p data-start=\"909\" data-end=\"1042\">Mantenere la costanza per passare dallo stato attuale a quello ideale: <strong data-start=\"980\" data-end=\"1039\">solo agendo diversamente si ottengono risultati diversi<\/strong>.<\/p>\n<\/li>\n<\/ul>\n","protected":false},"featured_media":4625,"comment_status":"open","ping_status":"closed","template":"","format":"standard","meta":{"_acf_changed":false,"_sitemap_exclude":false,"_sitemap_priority":"","_sitemap_frequency":""},"product_brand":[],"product_cat":[51],"product_tag":[74,75],"class_list":{"0":"post-4435","1":"product","2":"type-product","3":"status-publish","4":"format-standard","5":"has-post-thumbnail","7":"product_cat-mewaby","8":"product_tag-coppia","9":"product_tag-percorso-di-coppia","11":"first","12":"instock","13":"virtual","14":"taxable","15":"purchasable","16":"product-type-simple"},"acf":[],"yoast_head":"<!-- This site is optimized with the Yoast SEO plugin v27.0 - https:\/\/yoast.com\/product\/yoast-seo-wordpress\/ -->\n<title>Mewaby 1\u00b0 step - Femminilmente<\/title>\n<meta name=\"robots\" content=\"index, follow, max-snippet:-1, max-image-preview:large, max-video-preview:-1\" \/>\n<link rel=\"canonical\" href=\"https:\/\/accademiafemminilmente.it\/?product=mewaby-1-step\" \/>\n<meta property=\"og:locale\" content=\"it_IT\" \/>\n<meta property=\"og:type\" content=\"article\" \/>\n<meta property=\"og:title\" content=\"Mewaby 1\u00b0 step - Femminilmente\" \/>\n<meta property=\"og:description\" content=\"Mewaby \u2013 Il Percorso di Coppia per Comunicare, Connettersi e Crescere Insieme Mewaby \u00e8 il percorso dedicato alle coppie che vogliono smettere di scontrarsi e iniziare a confrontarsi con empatia e leggerezza. \u00c8 pensato per chi desidera divertirsi insieme, rafforzare la relazione e costruire un futuro stabile e duraturo. Obiettivo del percorso: Allineare la coppia sulla stessa frequenza\u2026 finch\u00e9 vivr\u00e0. Il programma ti guider\u00e0 a:     Potenziare l\u2019autostima personale e di coppia.    Tirare fuori i sogni dal cassetto e trasformarli in realt\u00e0.    Imparare a fissare obiettivi e gestire il tempo per liberarsi dalla routine quotidiana.    Lavorare sui condizionamenti mentali per capire cosa meriti davvero.    Mantenere la costanza per passare dallo stato attuale a quello ideale: solo agendo diversamente si ottengono risultati diversi.\" \/>\n<meta property=\"og:url\" content=\"https:\/\/accademiafemminilmente.it\/?product=mewaby-1-step\" \/>\n<meta property=\"og:site_name\" content=\"Femminilmente\" \/>\n<meta property=\"article:publisher\" content=\"https:\/\/www.facebook.com\/mewaby\" \/>\n<meta property=\"article:modified_time\" content=\"2026-01-29T16:54:15+00:00\" \/>\n<meta property=\"og:image\" content=\"https:\/\/accademiafemminilmente.it\/wp-content\/uploads\/2026\/01\/mewaby-step1-1.jpg\" \/>\n\t<meta property=\"og:image:width\" content=\"720\" \/>\n\t<meta property=\"og:image:height\" content=\"480\" \/>\n\t<meta property=\"og:image:type\" content=\"image\/jpeg\" \/>\n<meta name=\"twitter:card\" content=\"summary_large_image\" \/>\n<meta name=\"twitter:label1\" content=\"Tempo di lettura stimato\" \/>\n\t<meta name=\"twitter:data1\" content=\"1 minuto\" \/>\n<script type=\"application\/ld+json\" class=\"yoast-schema-graph\">{\"@context\":\"https:\/\/schema.org\",\"@graph\":[{\"@type\":\"WebPage\",\"@id\":\"https:\/\/accademiafemminilmente.it\/?product=mewaby-1-step\",\"url\":\"https:\/\/accademiafemminilmente.it\/?product=mewaby-1-step\",\"name\":\"Mewaby 1\u00b0 step - Femminilmente\",\"isPartOf\":{\"@id\":\"https:\/\/accademiafemminilmente.it\/#website\"},\"primaryImageOfPage\":{\"@id\":\"https:\/\/accademiafemminilmente.it\/?product=mewaby-1-step#primaryimage\"},\"image\":{\"@id\":\"https:\/\/accademiafemminilmente.it\/?product=mewaby-1-step#primaryimage\"},\"thumbnailUrl\":\"https:\/\/accademiafemminilmente.it\/wp-content\/uploads\/2026\/01\/mewaby-step1-1.jpg\",\"datePublished\":\"2025-01-07T11:08:24+00:00\",\"dateModified\":\"2026-01-29T16:54:15+00:00\",\"breadcrumb\":{\"@id\":\"https:\/\/accademiafemminilmente.it\/?product=mewaby-1-step#breadcrumb\"},\"inLanguage\":\"it-IT\",\"potentialAction\":[{\"@type\":\"ReadAction\",\"target\":[\"https:\/\/accademiafemminilmente.it\/?product=mewaby-1-step\"]}]},{\"@type\":\"ImageObject\",\"inLanguage\":\"it-IT\",\"@id\":\"https:\/\/accademiafemminilmente.it\/?product=mewaby-1-step#primaryimage\",\"url\":\"https:\/\/accademiafemminilmente.it\/wp-content\/uploads\/2026\/01\/mewaby-step1-1.jpg\",\"contentUrl\":\"https:\/\/accademiafemminilmente.it\/wp-content\/uploads\/2026\/01\/mewaby-step1-1.jpg\",\"width\":720,\"height\":480},{\"@type\":\"BreadcrumbList\",\"@id\":\"https:\/\/accademiafemminilmente.it\/?product=mewaby-1-step#breadcrumb\",\"itemListElement\":[{\"@type\":\"ListItem\",\"position\":1,\"name\":\"Home\",\"item\":\"https:\/\/accademiafemminilmente.it\/\"},{\"@type\":\"ListItem\",\"position\":2,\"name\":\"Shop\",\"item\":\"https:\/\/accademiafemminilmente.it\/?page_id=9\"},{\"@type\":\"ListItem\",\"position\":3,\"name\":\"Mewaby 1\u00b0 step\"}]},{\"@type\":\"WebSite\",\"@id\":\"https:\/\/accademiafemminilmente.it\/#website\",\"url\":\"https:\/\/accademiafemminilmente.it\/\",\"name\":\"Accademia Femminilmente\",\"description\":\"riprendiamo in mano la nostra vita\",\"publisher\":{\"@id\":\"https:\/\/accademiafemminilmente.it\/#organization\"},\"potentialAction\":[{\"@type\":\"SearchAction\",\"target\":{\"@type\":\"EntryPoint\",\"urlTemplate\":\"https:\/\/accademiafemminilmente.it\/?s={search_term_string}\"},\"query-input\":{\"@type\":\"PropertyValueSpecification\",\"valueRequired\":true,\"valueName\":\"search_term_string\"}}],\"inLanguage\":\"it-IT\"},{\"@type\":\"Organization\",\"@id\":\"https:\/\/accademiafemminilmente.it\/#organization\",\"name\":\"Femminilmente\",\"url\":\"https:\/\/accademiafemminilmente.it\/\",\"logo\":{\"@type\":\"ImageObject\",\"inLanguage\":\"it-IT\",\"@id\":\"https:\/\/accademiafemminilmente.it\/#\/schema\/logo\/image\/\",\"url\":\"https:\/\/accademiafemminilmente.it\/wp-content\/uploads\/2025\/11\/femminilmente-1-1.svg\",\"contentUrl\":\"https:\/\/accademiafemminilmente.it\/wp-content\/uploads\/2025\/11\/femminilmente-1-1.svg\",\"width\":1920,\"height\":356,\"caption\":\"Femminilmente\"},\"image\":{\"@id\":\"https:\/\/accademiafemminilmente.it\/#\/schema\/logo\/image\/\"},\"sameAs\":[\"https:\/\/www.facebook.com\/mewaby\",\"https:\/\/www.facebook.com\/studioostetricoalessandra.salerno\",\"https:\/\/www.instagram.com\/metodomewaby\",\"https:\/\/www.instagram.com\/dottoressa.salerno?igsh=b2t5d2ZldWptZngw\"]}]}<\/script>\n<!-- \/ Yoast SEO plugin. -->","yoast_head_json":{"title":"Mewaby 1\u00b0 step - Femminilmente","robots":{"index":"index","follow":"follow","max-snippet":"max-snippet:-1","max-image-preview":"max-image-preview:large","max-video-preview":"max-video-preview:-1"},"canonical":"https:\/\/accademiafemminilmente.it\/?product=mewaby-1-step","og_locale":"it_IT","og_type":"article","og_title":"Mewaby 1\u00b0 step - Femminilmente","og_description":"Mewaby \u2013 Il Percorso di Coppia per Comunicare, Connettersi e Crescere Insieme Mewaby \u00e8 il percorso dedicato alle coppie che vogliono smettere di scontrarsi e iniziare a confrontarsi con empatia e leggerezza. \u00c8 pensato per chi desidera divertirsi insieme, rafforzare la relazione e costruire un futuro stabile e duraturo. Obiettivo del percorso: Allineare la coppia sulla stessa frequenza\u2026 finch\u00e9 vivr\u00e0. Il programma ti guider\u00e0 a:     Potenziare l\u2019autostima personale e di coppia.    Tirare fuori i sogni dal cassetto e trasformarli in realt\u00e0.    Imparare a fissare obiettivi e gestire il tempo per liberarsi dalla routine quotidiana.    Lavorare sui condizionamenti mentali per capire cosa meriti davvero.    Mantenere la costanza per passare dallo stato attuale a quello ideale: solo agendo diversamente si ottengono risultati diversi.","og_url":"https:\/\/accademiafemminilmente.it\/?product=mewaby-1-step","og_site_name":"Femminilmente","article_publisher":"https:\/\/www.facebook.com\/mewaby","article_modified_time":"2026-01-29T16:54:15+00:00","og_image":[{"width":720,"height":480,"url":"https:\/\/accademiafemminilmente.it\/wp-content\/uploads\/2026\/01\/mewaby-step1-1.jpg","type":"image\/jpeg"}],"twitter_card":"summary_large_image","twitter_misc":{"Tempo di lettura stimato":"1 minuto"},"schema":{"@context":"https:\/\/schema.org","@graph":[{"@type":"WebPage","@id":"https:\/\/accademiafemminilmente.it\/?product=mewaby-1-step","url":"https:\/\/accademiafemminilmente.it\/?product=mewaby-1-step","name":"Mewaby 1\u00b0 step - Femminilmente","isPartOf":{"@id":"https:\/\/accademiafemminilmente.it\/#website"},"primaryImageOfPage":{"@id":"https:\/\/accademiafemminilmente.it\/?product=mewaby-1-step#primaryimage"},"image":{"@id":"https:\/\/accademiafemminilmente.it\/?product=mewaby-1-step#primaryimage"},"thumbnailUrl":"https:\/\/accademiafemminilmente.it\/wp-content\/uploads\/2026\/01\/mewaby-step1-1.jpg","datePublished":"2025-01-07T11:08:24+00:00","dateModified":"2026-01-29T16:54:15+00:00","breadcrumb":{"@id":"https:\/\/accademiafemminilmente.it\/?product=mewaby-1-step#breadcrumb"},"inLanguage":"it-IT","potentialAction":[{"@type":"ReadAction","target":["https:\/\/accademiafemminilmente.it\/?product=mewaby-1-step"]}]},{"@type":"ImageObject","inLanguage":"it-IT","@id":"https:\/\/accademiafemminilmente.it\/?product=mewaby-1-step#primaryimage","url":"https:\/\/accademiafemminilmente.it\/wp-content\/uploads\/2026\/01\/mewaby-step1-1.jpg","contentUrl":"https:\/\/accademiafemminilmente.it\/wp-content\/uploads\/2026\/01\/mewaby-step1-1.jpg","width":720,"height":480},{"@type":"BreadcrumbList","@id":"https:\/\/accademiafemminilmente.it\/?product=mewaby-1-step#breadcrumb","itemListElement":[{"@type":"ListItem","position":1,"name":"Home","item":"https:\/\/accademiafemminilmente.it\/"},{"@type":"ListItem","position":2,"name":"Shop","item":"https:\/\/accademiafemminilmente.it\/?page_id=9"},{"@type":"ListItem","position":3,"name":"Mewaby 1\u00b0 step"}]},{"@type":"WebSite","@id":"https:\/\/accademiafemminilmente.it\/#website","url":"https:\/\/accademiafemminilmente.it\/","name":"Accademia Femminilmente","description":"riprendiamo in mano la nostra vita","publisher":{"@id":"https:\/\/accademiafemminilmente.it\/#organization"},"potentialAction":[{"@type":"SearchAction","target":{"@type":"EntryPoint","urlTemplate":"https:\/\/accademiafemminilmente.it\/?s={search_term_string}"},"query-input":{"@type":"PropertyValueSpecification","valueRequired":true,"valueName":"search_term_string"}}],"inLanguage":"it-IT"},{"@type":"Organization","@id":"https:\/\/accademiafemminilmente.it\/#organization","name":"Femminilmente","url":"https:\/\/accademiafemminilmente.it\/","logo":{"@type":"ImageObject","inLanguage":"it-IT","@id":"https:\/\/accademiafemminilmente.it\/#\/schema\/logo\/image\/","url":"https:\/\/accademiafemminilmente.it\/wp-content\/uploads\/2025\/11\/femminilmente-1-1.svg","contentUrl":"https:\/\/accademiafemminilmente.it\/wp-content\/uploads\/2025\/11\/femminilmente-1-1.svg","width":1920,"height":356,"caption":"Femminilmente"},"image":{"@id":"https:\/\/accademiafemminilmente.it\/#\/schema\/logo\/image\/"},"sameAs":["https:\/\/www.facebook.com\/mewaby","https:\/\/www.facebook.com\/studioostetricoalessandra.salerno","https:\/\/www.instagram.com\/metodomewaby","https:\/\/www.instagram.com\/dottoressa.salerno?igsh=b2t5d2ZldWptZngw"]}]}},"_links":{"self":[{"href":"https:\/\/accademiafemminilmente.it\/index.php?rest_route=\/wp\/v2\/product\/4435","targetHints":{"allow":["GET"]}}],"collection":[{"href":"https:\/\/accademiafemminilmente.it\/index.php?rest_route=\/wp\/v2\/product"}],"about":[{"href":"https:\/\/accademiafemminilmente.it\/index.php?rest_route=\/wp\/v2\/types\/product"}],"replies":[{"embeddable":true,"href":"https:\/\/accademiafemminilmente.it\/index.php?rest_route=%2Fwp%2Fv2%2Fcomments&post=4435"}],"wp:featuredmedia":[{"embeddable":true,"href":"https:\/\/accademiafemminilmente.it\/index.php?rest_route=\/wp\/v2\/media\/4625"}],"wp:attachment":[{"href":"https:\/\/accademiafemminilmente.it\/index.php?rest_route=%2Fwp%2Fv2%2Fmedia&parent=4435"}],"wp:term":[{"taxonomy":"product_brand","embeddable":true,"href":"https:\/\/accademiafemminilmente.it\/index.php?rest_route=%2Fwp%2Fv2%2Fproduct_brand&post=4435"},{"taxonomy":"product_cat","embeddable":true,"href":"https:\/\/accademiafemminilmente.it\/index.php?rest_route=%2Fwp%2Fv2%2Fproduct_cat&post=4435"},{"taxonomy":"product_tag","embeddable":true,"href":"https:\/\/accademiafemminilmente.it\/index.php?rest_route=%2Fwp%2Fv2%2Fproduct_tag&post=4435"}],"curies":[{"name":"wp","href":"https:\/\/api.w.org\/{rel}","templated":true}]}}