{"id":4114,"date":"2025-12-08T16:12:49","date_gmt":"2025-12-08T16:12:49","guid":{"rendered":"https:\/\/accademiafemminilmente.it\/?post_type=product&#038;p=4114"},"modified":"2026-01-29T16:57:04","modified_gmt":"2026-01-29T16:57:04","slug":"allattamento-al-seno","status":"publish","type":"product","link":"https:\/\/accademiafemminilmente.it\/?product=allattamento-al-seno","title":{"rendered":"Allattamento al seno"},"content":{"rendered":"<p>\n<div class=\"wp-block-presto-player-reusable-edit\"><!--presto-player:video_id=30--><figure class=\"wp-block-video presto-block-video  presto-provider-youtube\" style=\"--plyr-color-main: var(--presto-player-highlight-color, #d7295b); --presto-player-logo-width: 150px; \">\n\t<presto-player \n\t\tpreset='{&quot;id&quot;:3,&quot;name&quot;:&quot;Simple&quot;,&quot;slug&quot;:&quot;simple&quot;,&quot;icon&quot;:&quot;video-alt3&quot;,&quot;skin&quot;:&quot;modern&quot;,&quot;play-large&quot;:true,&quot;rewind&quot;:false,&quot;play&quot;:true,&quot;fast-forward&quot;:false,&quot;progress&quot;:true,&quot;current-time&quot;:false,&quot;mute&quot;:false,&quot;volume&quot;:false,&quot;speed&quot;:false,&quot;pip&quot;:false,&quot;fullscreen&quot;:true,&quot;captions&quot;:false,&quot;reset_on_end&quot;:true,&quot;auto_hide&quot;:true,&quot;show_time_elapsed&quot;:false,&quot;captions_enabled&quot;:false,&quot;save_player_position&quot;:false,&quot;sticky_scroll&quot;:false,&quot;sticky_scroll_position&quot;:&quot;bottom right&quot;,&quot;on_video_end&quot;:&quot;select&quot;,&quot;play_video_viewport&quot;:false,&quot;hide_youtube&quot;:true,&quot;lazy_load_youtube&quot;:false,&quot;hide_logo&quot;:false,&quot;border_radius&quot;:0,&quot;caption_style&quot;:&quot;&quot;,&quot;caption_background&quot;:&quot;&quot;,&quot;is_locked&quot;:true,&quot;cta&quot;:[&quot;&quot;],&quot;watermark&quot;:[&quot;&quot;],&quot;search&quot;:[&quot;&quot;],&quot;email_collection&quot;:[&quot;&quot;],&quot;action_bar&quot;:[&quot;&quot;],&quot;created_by&quot;:1,&quot;created_at&quot;:&quot;2025-12-08 17:46:47&quot;,&quot;updated_at&quot;:&quot;2025-12-08 17:46:47&quot;,&quot;deleted_at&quot;:&quot;&quot;}'\n\t\tbranding='{&quot;logo&quot;:&quot;&quot;,&quot;color&quot;:&quot;#d7295b&quot;,&quot;logo_width&quot;:150,&quot;player_css&quot;:&quot;&quot;}'\n\t\tchapters='[]'\n\t\toverlays='[]'\n\t\ttracks='[]'\n\t\tblock-attributes='{&quot;playsInline&quot;:true,&quot;id&quot;:30,&quot;src&quot;:&quot;https:\\\/\\\/youtu.be\\\/42eJkbpVYkk&quot;,&quot;preset&quot;:3,&quot;video_id&quot;:&quot;42eJkbpVYkk&quot;,&quot;visibility&quot;:&quot;public&quot;,&quot;color&quot;:&quot;#00b3ff&quot;,&quot;mutedPreview&quot;:{&quot;enabled&quot;:false,&quot;captions&quot;:false},&quot;mutedOverlay&quot;:{&quot;enabled&quot;:false,&quot;src&quot;:&quot;&quot;,&quot;width&quot;:200,&quot;focalPoint&quot;:{&quot;x&quot;:0.5,&quot;y&quot;:0.5}},&quot;mutedOverlayType&quot;:&quot;text&quot;,&quot;mutedOverlayText&quot;:&quot;Click to play&quot;,&quot;mutedOverlayImageWidth&quot;:200,&quot;chapters&quot;:[],&quot;overlays&quot;:[],&quot;tracks&quot;:[],&quot;title&quot;:&quot;Video Presentazione allattamento seno corretto&quot;}'\n\t\tanalytics=''\n\t\tautomations\t\tprovider='youtube'\n\t\t\t\tid=\"presto-player-1\"\n\t\tsrc=\"\/\/www.youtube.com\/embed\/42eJkbpVYkk?iv_load_policy=3&amp;modestbranding=1&amp;playinline=1&amp;showinfo=0&amp;rel=0&amp;enablejsapi=1\"\n\t\tmedia-title=\"Video Presentazione allattamento seno corretto\"\n\t\tcss=\"\"\n\t\tclass=\"presto-video-id-30 presto-preset-id-3 skin-modern\"\n\t\tskin=\"modern\" \n\t\ticon-url=\"https:\/\/accademiafemminilmente.it\/wp-content\/plugins\/presto-player\/img\/sprite.svg\" \n\t\tpreload=\"\" \n\t\tposter=\"\"\n\t\tyoutube=\"{&quot;noCookie&quot;:false,&quot;channelId&quot;:&quot;&quot;,&quot;show_count&quot;:false}\"\n\t\tprovider-video-id=\"42eJkbpVYkk\"\n\t\tvideo-id=\"30\"\n\t\t\t\tplaysinline \n\t\t\t\t>\n\t\t\n    <div class=\"presto-iframe-fallback-container\">\n        <iframe style=\"width: 100%\" title=\"Youtube Video\" class=\"presto-fallback-iframe\" id=\"presto-iframe-fallback-1\" data-src=\"https:\/\/www.youtube.com\/embed\/42eJkbpVYkk?iv_load_policy=3&amp;modestbranding=1&amp;playsinline=1&amp;showinfo=0&amp;rel=0&amp;enablejsapi=1\" allowfullscreen allowtransparency allow=\"autoplay\"><\/iframe>\n    <\/div>\n\n\t<\/presto-player>\n<\/figure><\/div>\n<br \/>\n<em>Corso allattamento al seno, 6 incontri della durata da 20 a 30 minuti x lezione<\/em><\/p>\n<p data-start=\"778\" data-end=\"1140\"><strong>L\u2019allattamento al seno \u00e8 un viaggio profondo, fatto di intimit\u00e0, ascolto e conoscenza reciproca tra mamma e bambino.<\/strong><br data-start=\"894\" data-end=\"897\" \/><strong>In questo corso Alessandra Salerno, ostetrica e fondatrice di FemminilMente ti accompagna passo dopo passo nell\u2019avviamento corretto, nella gestione quotidiana e nella comprensione dei bisogni del neonato.<\/strong><\/p>\n<p data-start=\"1142\" data-end=\"1154\">Imparerai:<\/p>\n<ul data-start=\"1155\" data-end=\"1611\">\n<li data-start=\"1155\" data-end=\"1205\">\n<p data-start=\"1157\" data-end=\"1205\">come alimentarti correttamente in allattamento<\/p>\n<\/li>\n<li data-start=\"1206\" data-end=\"1250\">\n<p data-start=\"1208\" data-end=\"1250\">le posizioni e gli attacchi pi\u00f9 efficaci<\/p>\n<\/li>\n<li data-start=\"1251\" data-end=\"1294\">\n<p data-start=\"1253\" data-end=\"1294\">come interpretare il pianto del neonato<\/p>\n<\/li>\n<li data-start=\"1295\" data-end=\"1375\">\n<p data-start=\"1297\" data-end=\"1375\">il ruolo dell\u2019alto contatto, dello skin to skin e della relazione mamma-beb\u00e8<\/p>\n<\/li>\n<li data-start=\"1376\" data-end=\"1438\">\n<p data-start=\"1378\" data-end=\"1438\">cosa fare in caso di coliche, difficolt\u00e0, ingorghi o dubbi<\/p>\n<\/li>\n<li data-start=\"1439\" data-end=\"1483\">\n<p data-start=\"1441\" data-end=\"1483\">la fisiologia della crescita del bambino<\/p>\n<\/li>\n<li data-start=\"1484\" data-end=\"1611\">\n<p data-start=\"1486\" data-end=\"1611\">la verit\u00e0 sui \u201cvizi\u201d del neonato e su ci\u00f2 che davvero favorisce autonomia e sicurezza<\/p>\n<\/li>\n<\/ul>\n<p data-start=\"1613\" data-end=\"1792\">Un corso chiaro, pratico e rassicurante, pensato per restituire forza, conoscenza e consapevolezza alle mamme che desiderano vivere un allattamento sereno, rispettato e sostenuto.<\/p>\n","protected":false},"excerpt":{"rendered":"<p><em>Corso allattamento al seno, 6 incontri della durata da 20 a 30 minuti x lezione<\/em><\/p>\n<p data-start=\"778\" data-end=\"1140\"><strong>L\u2019allattamento al seno \u00e8 un viaggio profondo, fatto di intimit\u00e0, ascolto e conoscenza reciproca tra mamma e bambino.<\/strong><br data-start=\"894\" data-end=\"897\" \/><strong>In questo corso Alessandra Salerno, ostetrica e fondatrice di FemminilMente ti accompagna passo dopo passo nell\u2019avviamento corretto, nella gestione quotidiana e nella comprensione dei bisogni del neonato.<\/strong><\/p>\n<p data-start=\"1142\" data-end=\"1154\">Imparerai:<\/p>\n<ul data-start=\"1155\" data-end=\"1611\">\n<li data-start=\"1155\" data-end=\"1205\">\n<p data-start=\"1157\" data-end=\"1205\">come alimentarti correttamente in allattamento<\/p>\n<\/li>\n<li data-start=\"1206\" data-end=\"1250\">\n<p data-start=\"1208\" data-end=\"1250\">le posizioni e gli attacchi pi\u00f9 efficaci<\/p>\n<\/li>\n<li data-start=\"1251\" data-end=\"1294\">\n<p data-start=\"1253\" data-end=\"1294\">come interpretare il pianto del neonato<\/p>\n<\/li>\n<li data-start=\"1295\" data-end=\"1375\">\n<p data-start=\"1297\" data-end=\"1375\">il ruolo dell\u2019alto contatto, dello skin to skin e della relazione mamma-beb\u00e8<\/p>\n<\/li>\n<li data-start=\"1376\" data-end=\"1438\">\n<p data-start=\"1378\" data-end=\"1438\">cosa fare in caso di coliche, difficolt\u00e0, ingorghi o dubbi<\/p>\n<\/li>\n<li data-start=\"1439\" data-end=\"1483\">\n<p data-start=\"1441\" data-end=\"1483\">la fisiologia della crescita del bambino<\/p>\n<\/li>\n<li data-start=\"1484\" data-end=\"1611\">\n<p data-start=\"1486\" data-end=\"1611\">la verit\u00e0 sui \u201cvizi\u201d del neonato e su ci\u00f2 che davvero favorisce autonomia e sicurezza<\/p>\n<\/li>\n<\/ul>\n<p data-start=\"1613\" data-end=\"1792\">Un corso chiaro, pratico e rassicurante, pensato per restituire forza, conoscenza e consapevolezza alle mamme che desiderano vivere un allattamento sereno, rispettato e sostenuto.<\/p>\n","protected":false},"featured_media":4115,"comment_status":"open","ping_status":"closed","template":"","format":"standard","meta":{"_acf_changed":false,"_sitemap_exclude":false,"_sitemap_priority":"","_sitemap_frequency":""},"product_brand":[],"product_cat":[65],"product_tag":[71,72],"class_list":{"0":"post-4114","1":"product","2":"type-product","3":"status-publish","4":"format-standard","5":"has-post-thumbnail","7":"product_cat-mamme","8":"product_tag-allattamento","9":"product_tag-mamme","11":"first","12":"instock","13":"taxable","14":"shipping-taxable","15":"purchasable","16":"product-type-simple"},"acf":[],"yoast_head":"<!-- This site is optimized with the Yoast SEO plugin v27.0 - https:\/\/yoast.com\/product\/yoast-seo-wordpress\/ -->\n<title>Allattamento al seno - Femminilmente<\/title>\n<meta name=\"robots\" content=\"index, follow, max-snippet:-1, max-image-preview:large, max-video-preview:-1\" \/>\n<link rel=\"canonical\" href=\"https:\/\/accademiafemminilmente.it\/?product=allattamento-al-seno\" \/>\n<meta property=\"og:locale\" content=\"it_IT\" \/>\n<meta property=\"og:type\" content=\"article\" \/>\n<meta property=\"og:title\" content=\"Allattamento al seno - Femminilmente\" \/>\n<meta property=\"og:description\" content=\"Corso allattamento al seno, 6 incontri della durata da 20 a 30 minuti x lezione L\u2019allattamento al seno \u00e8 un viaggio profondo, fatto di intimit\u00e0, ascolto e conoscenza reciproca tra mamma e bambino.In questo corso Alessandra Salerno, ostetrica e fondatrice di FemminilMente ti accompagna passo dopo passo nell\u2019avviamento corretto, nella gestione quotidiana e nella comprensione dei bisogni del neonato. Imparerai:     come alimentarti correttamente in allattamento    le posizioni e gli attacchi pi\u00f9 efficaci    come interpretare il pianto del neonato    il ruolo dell\u2019alto contatto, dello skin to skin e della relazione mamma-beb\u00e8    cosa fare in caso di coliche, difficolt\u00e0, ingorghi o dubbi    la fisiologia della crescita del bambino    la verit\u00e0 sui \u201cvizi\u201d del neonato e su ci\u00f2 che davvero favorisce autonomia e sicurezza   Un corso chiaro, pratico e rassicurante, pensato per restituire forza, conoscenza e consapevolezza alle mamme che desiderano vivere un allattamento sereno, rispettato e sostenuto.\" \/>\n<meta property=\"og:url\" content=\"https:\/\/accademiafemminilmente.it\/?product=allattamento-al-seno\" \/>\n<meta property=\"og:site_name\" content=\"Femminilmente\" \/>\n<meta property=\"article:publisher\" content=\"https:\/\/www.facebook.com\/mewaby\" \/>\n<meta property=\"article:modified_time\" content=\"2026-01-29T16:57:04+00:00\" \/>\n<meta property=\"og:image\" content=\"https:\/\/accademiafemminilmente.it\/wp-content\/uploads\/2025\/12\/allattamento-seno.jpg\" \/>\n\t<meta property=\"og:image:width\" content=\"720\" \/>\n\t<meta property=\"og:image:height\" content=\"480\" \/>\n\t<meta property=\"og:image:type\" content=\"image\/jpeg\" \/>\n<meta name=\"twitter:card\" content=\"summary_large_image\" \/>\n<meta name=\"twitter:label1\" content=\"Tempo di lettura stimato\" \/>\n\t<meta name=\"twitter:data1\" content=\"1 minuto\" \/>\n<script type=\"application\/ld+json\" class=\"yoast-schema-graph\">{\"@context\":\"https:\/\/schema.org\",\"@graph\":[{\"@type\":\"WebPage\",\"@id\":\"https:\/\/accademiafemminilmente.it\/?product=allattamento-al-seno\",\"url\":\"https:\/\/accademiafemminilmente.it\/?product=allattamento-al-seno\",\"name\":\"Allattamento al seno - Femminilmente\",\"isPartOf\":{\"@id\":\"https:\/\/accademiafemminilmente.it\/#website\"},\"primaryImageOfPage\":{\"@id\":\"https:\/\/accademiafemminilmente.it\/?product=allattamento-al-seno#primaryimage\"},\"image\":{\"@id\":\"https:\/\/accademiafemminilmente.it\/?product=allattamento-al-seno#primaryimage\"},\"thumbnailUrl\":\"https:\/\/accademiafemminilmente.it\/wp-content\/uploads\/2025\/12\/allattamento-seno.jpg\",\"datePublished\":\"2025-12-08T16:12:49+00:00\",\"dateModified\":\"2026-01-29T16:57:04+00:00\",\"breadcrumb\":{\"@id\":\"https:\/\/accademiafemminilmente.it\/?product=allattamento-al-seno#breadcrumb\"},\"inLanguage\":\"it-IT\",\"potentialAction\":[{\"@type\":\"ReadAction\",\"target\":[\"https:\/\/accademiafemminilmente.it\/?product=allattamento-al-seno\"]}]},{\"@type\":\"ImageObject\",\"inLanguage\":\"it-IT\",\"@id\":\"https:\/\/accademiafemminilmente.it\/?product=allattamento-al-seno#primaryimage\",\"url\":\"https:\/\/accademiafemminilmente.it\/wp-content\/uploads\/2025\/12\/allattamento-seno.jpg\",\"contentUrl\":\"https:\/\/accademiafemminilmente.it\/wp-content\/uploads\/2025\/12\/allattamento-seno.jpg\",\"width\":720,\"height\":480},{\"@type\":\"BreadcrumbList\",\"@id\":\"https:\/\/accademiafemminilmente.it\/?product=allattamento-al-seno#breadcrumb\",\"itemListElement\":[{\"@type\":\"ListItem\",\"position\":1,\"name\":\"Home\",\"item\":\"https:\/\/accademiafemminilmente.it\/\"},{\"@type\":\"ListItem\",\"position\":2,\"name\":\"Shop\",\"item\":\"https:\/\/accademiafemminilmente.it\/?page_id=9\"},{\"@type\":\"ListItem\",\"position\":3,\"name\":\"Allattamento al seno\"}]},{\"@type\":\"WebSite\",\"@id\":\"https:\/\/accademiafemminilmente.it\/#website\",\"url\":\"https:\/\/accademiafemminilmente.it\/\",\"name\":\"Accademia Femminilmente\",\"description\":\"riprendiamo in mano la nostra vita\",\"publisher\":{\"@id\":\"https:\/\/accademiafemminilmente.it\/#organization\"},\"potentialAction\":[{\"@type\":\"SearchAction\",\"target\":{\"@type\":\"EntryPoint\",\"urlTemplate\":\"https:\/\/accademiafemminilmente.it\/?s={search_term_string}\"},\"query-input\":{\"@type\":\"PropertyValueSpecification\",\"valueRequired\":true,\"valueName\":\"search_term_string\"}}],\"inLanguage\":\"it-IT\"},{\"@type\":\"Organization\",\"@id\":\"https:\/\/accademiafemminilmente.it\/#organization\",\"name\":\"Femminilmente\",\"url\":\"https:\/\/accademiafemminilmente.it\/\",\"logo\":{\"@type\":\"ImageObject\",\"inLanguage\":\"it-IT\",\"@id\":\"https:\/\/accademiafemminilmente.it\/#\/schema\/logo\/image\/\",\"url\":\"https:\/\/accademiafemminilmente.it\/wp-content\/uploads\/2025\/11\/femminilmente-1-1.svg\",\"contentUrl\":\"https:\/\/accademiafemminilmente.it\/wp-content\/uploads\/2025\/11\/femminilmente-1-1.svg\",\"width\":1920,\"height\":356,\"caption\":\"Femminilmente\"},\"image\":{\"@id\":\"https:\/\/accademiafemminilmente.it\/#\/schema\/logo\/image\/\"},\"sameAs\":[\"https:\/\/www.facebook.com\/mewaby\",\"https:\/\/www.facebook.com\/studioostetricoalessandra.salerno\",\"https:\/\/www.instagram.com\/metodomewaby\",\"https:\/\/www.instagram.com\/dottoressa.salerno?igsh=b2t5d2ZldWptZngw\"]}]}<\/script>\n<!-- \/ Yoast SEO plugin. -->","yoast_head_json":{"title":"Allattamento al seno - Femminilmente","robots":{"index":"index","follow":"follow","max-snippet":"max-snippet:-1","max-image-preview":"max-image-preview:large","max-video-preview":"max-video-preview:-1"},"canonical":"https:\/\/accademiafemminilmente.it\/?product=allattamento-al-seno","og_locale":"it_IT","og_type":"article","og_title":"Allattamento al seno - Femminilmente","og_description":"Corso allattamento al seno, 6 incontri della durata da 20 a 30 minuti x lezione L\u2019allattamento al seno \u00e8 un viaggio profondo, fatto di intimit\u00e0, ascolto e conoscenza reciproca tra mamma e bambino.In questo corso Alessandra Salerno, ostetrica e fondatrice di FemminilMente ti accompagna passo dopo passo nell\u2019avviamento corretto, nella gestione quotidiana e nella comprensione dei bisogni del neonato. Imparerai:     come alimentarti correttamente in allattamento    le posizioni e gli attacchi pi\u00f9 efficaci    come interpretare il pianto del neonato    il ruolo dell\u2019alto contatto, dello skin to skin e della relazione mamma-beb\u00e8    cosa fare in caso di coliche, difficolt\u00e0, ingorghi o dubbi    la fisiologia della crescita del bambino    la verit\u00e0 sui \u201cvizi\u201d del neonato e su ci\u00f2 che davvero favorisce autonomia e sicurezza   Un corso chiaro, pratico e rassicurante, pensato per restituire forza, conoscenza e consapevolezza alle mamme che desiderano vivere un allattamento sereno, rispettato e sostenuto.","og_url":"https:\/\/accademiafemminilmente.it\/?product=allattamento-al-seno","og_site_name":"Femminilmente","article_publisher":"https:\/\/www.facebook.com\/mewaby","article_modified_time":"2026-01-29T16:57:04+00:00","og_image":[{"width":720,"height":480,"url":"https:\/\/accademiafemminilmente.it\/wp-content\/uploads\/2025\/12\/allattamento-seno.jpg","type":"image\/jpeg"}],"twitter_card":"summary_large_image","twitter_misc":{"Tempo di lettura stimato":"1 minuto"},"schema":{"@context":"https:\/\/schema.org","@graph":[{"@type":"WebPage","@id":"https:\/\/accademiafemminilmente.it\/?product=allattamento-al-seno","url":"https:\/\/accademiafemminilmente.it\/?product=allattamento-al-seno","name":"Allattamento al seno - Femminilmente","isPartOf":{"@id":"https:\/\/accademiafemminilmente.it\/#website"},"primaryImageOfPage":{"@id":"https:\/\/accademiafemminilmente.it\/?product=allattamento-al-seno#primaryimage"},"image":{"@id":"https:\/\/accademiafemminilmente.it\/?product=allattamento-al-seno#primaryimage"},"thumbnailUrl":"https:\/\/accademiafemminilmente.it\/wp-content\/uploads\/2025\/12\/allattamento-seno.jpg","datePublished":"2025-12-08T16:12:49+00:00","dateModified":"2026-01-29T16:57:04+00:00","breadcrumb":{"@id":"https:\/\/accademiafemminilmente.it\/?product=allattamento-al-seno#breadcrumb"},"inLanguage":"it-IT","potentialAction":[{"@type":"ReadAction","target":["https:\/\/accademiafemminilmente.it\/?product=allattamento-al-seno"]}]},{"@type":"ImageObject","inLanguage":"it-IT","@id":"https:\/\/accademiafemminilmente.it\/?product=allattamento-al-seno#primaryimage","url":"https:\/\/accademiafemminilmente.it\/wp-content\/uploads\/2025\/12\/allattamento-seno.jpg","contentUrl":"https:\/\/accademiafemminilmente.it\/wp-content\/uploads\/2025\/12\/allattamento-seno.jpg","width":720,"height":480},{"@type":"BreadcrumbList","@id":"https:\/\/accademiafemminilmente.it\/?product=allattamento-al-seno#breadcrumb","itemListElement":[{"@type":"ListItem","position":1,"name":"Home","item":"https:\/\/accademiafemminilmente.it\/"},{"@type":"ListItem","position":2,"name":"Shop","item":"https:\/\/accademiafemminilmente.it\/?page_id=9"},{"@type":"ListItem","position":3,"name":"Allattamento al seno"}]},{"@type":"WebSite","@id":"https:\/\/accademiafemminilmente.it\/#website","url":"https:\/\/accademiafemminilmente.it\/","name":"Accademia Femminilmente","description":"riprendiamo in mano la nostra vita","publisher":{"@id":"https:\/\/accademiafemminilmente.it\/#organization"},"potentialAction":[{"@type":"SearchAction","target":{"@type":"EntryPoint","urlTemplate":"https:\/\/accademiafemminilmente.it\/?s={search_term_string}"},"query-input":{"@type":"PropertyValueSpecification","valueRequired":true,"valueName":"search_term_string"}}],"inLanguage":"it-IT"},{"@type":"Organization","@id":"https:\/\/accademiafemminilmente.it\/#organization","name":"Femminilmente","url":"https:\/\/accademiafemminilmente.it\/","logo":{"@type":"ImageObject","inLanguage":"it-IT","@id":"https:\/\/accademiafemminilmente.it\/#\/schema\/logo\/image\/","url":"https:\/\/accademiafemminilmente.it\/wp-content\/uploads\/2025\/11\/femminilmente-1-1.svg","contentUrl":"https:\/\/accademiafemminilmente.it\/wp-content\/uploads\/2025\/11\/femminilmente-1-1.svg","width":1920,"height":356,"caption":"Femminilmente"},"image":{"@id":"https:\/\/accademiafemminilmente.it\/#\/schema\/logo\/image\/"},"sameAs":["https:\/\/www.facebook.com\/mewaby","https:\/\/www.facebook.com\/studioostetricoalessandra.salerno","https:\/\/www.instagram.com\/metodomewaby","https:\/\/www.instagram.com\/dottoressa.salerno?igsh=b2t5d2ZldWptZngw"]}]}},"_links":{"self":[{"href":"https:\/\/accademiafemminilmente.it\/index.php?rest_route=\/wp\/v2\/product\/4114","targetHints":{"allow":["GET"]}}],"collection":[{"href":"https:\/\/accademiafemminilmente.it\/index.php?rest_route=\/wp\/v2\/product"}],"about":[{"href":"https:\/\/accademiafemminilmente.it\/index.php?rest_route=\/wp\/v2\/types\/product"}],"replies":[{"embeddable":true,"href":"https:\/\/accademiafemminilmente.it\/index.php?rest_route=%2Fwp%2Fv2%2Fcomments&post=4114"}],"wp:featuredmedia":[{"embeddable":true,"href":"https:\/\/accademiafemminilmente.it\/index.php?rest_route=\/wp\/v2\/media\/4115"}],"wp:attachment":[{"href":"https:\/\/accademiafemminilmente.it\/index.php?rest_route=%2Fwp%2Fv2%2Fmedia&parent=4114"}],"wp:term":[{"taxonomy":"product_brand","embeddable":true,"href":"https:\/\/accademiafemminilmente.it\/index.php?rest_route=%2Fwp%2Fv2%2Fproduct_brand&post=4114"},{"taxonomy":"product_cat","embeddable":true,"href":"https:\/\/accademiafemminilmente.it\/index.php?rest_route=%2Fwp%2Fv2%2Fproduct_cat&post=4114"},{"taxonomy":"product_tag","embeddable":true,"href":"https:\/\/accademiafemminilmente.it\/index.php?rest_route=%2Fwp%2Fv2%2Fproduct_tag&post=4114"}],"curies":[{"name":"wp","href":"https:\/\/api.w.org\/{rel}","templated":true}]}}