{"id":293,"date":"2018-03-23T10:07:53","date_gmt":"2018-03-23T10:07:53","guid":{"rendered":"https:\/\/www.themeplanet.club\/?page_id=225"},"modified":"2025-12-26T17:41:59","modified_gmt":"2025-12-26T17:41:59","slug":"contact","status":"publish","type":"page","link":"https:\/\/accademiafemminilmente.it\/?page_id=293","title":{"rendered":"Contatti"},"content":{"rendered":"\t\t<div data-elementor-type=\"wp-post\" data-elementor-id=\"293\" class=\"elementor elementor-293\">\n\t\t\t\t\t\t<section class=\"no_anim elementor-section elementor-top-section elementor-element elementor-element-7694732 elementor-section-boxed elementor-section-height-default elementor-section-height-default\" data-id=\"7694732\" data-element_type=\"section\" data-e-type=\"section\">\n\t\t\t\t\t\t<div class=\"elementor-container elementor-column-gap-default\">\n\t\t\t\t\t<div class=\"no_anim elementor-column elementor-col-100 elementor-top-column elementor-element elementor-element-3fcdb2d\" data-id=\"3fcdb2d\" data-element_type=\"column\" data-e-type=\"column\">\n\t\t\t<div class=\"elementor-widget-wrap elementor-element-populated\">\n\t\t\t\t\t\t<div class=\"elementor-element elementor-element-7c6f406 elementor-widget elementor-widget-text-editor\" data-id=\"7c6f406\" data-element_type=\"widget\" data-e-type=\"widget\" data-widget_type=\"text-editor.default\">\n\t\t\t\t\t\t\t\t\t<p data-start=\"347\" data-end=\"565\">Hai domande sui percorsi, curiosit\u00e0 sui corsi o semplicemente il desiderio di condividere un pensiero?<br data-start=\"449\" data-end=\"452\" \/>Scrivici con serenit\u00e0: ogni messaggio \u00e8 uno spazio di ascolto, e saremo felici di risponderti il prima possibile.<\/p><p data-start=\"567\" data-end=\"787\">Se invece hai bisogno di <strong data-start=\"592\" data-end=\"627\">supporto tecnico sui videocorsi<\/strong>, o riscontri difficolt\u00e0 di accesso alla piattaforma, puoi contattarci direttamente via email a <a href=\"mailto:alessandra.salerno@libero.it\">alessandra.salerno@libero.it<\/a>.<br data-start=\"721\" data-end=\"724\" \/>Il nostro team far\u00e0 del suo meglio per aiutarti in breve tempo.<\/p>\t\t\t\t\t\t\t\t<\/div>\n\t\t\t\t<div class=\"elementor-element elementor-element-f869b13 elementor-widget elementor-widget-text-editor\" data-id=\"f869b13\" data-element_type=\"widget\" data-e-type=\"widget\" data-widget_type=\"text-editor.default\">\n\t\t\t\t\t\t\t\t\t<p>\n<div class=\"wpcf7 no-js\" id=\"wpcf7-f3551-o1\" lang=\"en-US\" dir=\"ltr\" data-wpcf7-id=\"3551\">\n<div class=\"screen-reader-response\"><p role=\"status\" aria-live=\"polite\" aria-atomic=\"true\"><\/p> <ul><\/ul><\/div>\n<form action=\"\/index.php?rest_route=%2Fwp%2Fv2%2Fpages%2F293#wpcf7-f3551-o1\" method=\"post\" class=\"wpcf7-form init\" aria-label=\"Contact form\" novalidate=\"novalidate\" data-status=\"init\">\n<fieldset class=\"hidden-fields-container\"><input type=\"hidden\" name=\"_wpcf7\" value=\"3551\" \/><input type=\"hidden\" name=\"_wpcf7_version\" value=\"6.1.3\" \/><input type=\"hidden\" name=\"_wpcf7_locale\" value=\"en_US\" \/><input type=\"hidden\" name=\"_wpcf7_unit_tag\" value=\"wpcf7-f3551-o1\" \/><input type=\"hidden\" name=\"_wpcf7_container_post\" value=\"0\" \/><input type=\"hidden\" name=\"_wpcf7_posted_data_hash\" value=\"\" \/>\n<\/fieldset>\n<div class=\"row\">\n<div class=\"col-md-9 no-padding-right\">\n<span class=\"wpcf7-form-control-wrap\" data-name=\"your-message\"><textarea cols=\"40\" rows=\"10\" maxlength=\"2000\" class=\"wpcf7-form-control wpcf7-textarea dm_main_text_7\" aria-invalid=\"false\" placeholder=\"Scrivi il messaggio qui...\" name=\"your-message\"><\/textarea><\/span>\n<\/div>\n<div class=\"col-md-3\">\n<span class=\"wpcf7-form-control-wrap\" data-name=\"your-name\"><input size=\"40\" maxlength=\"400\" class=\"wpcf7-form-control wpcf7-text dm_main_name_7\" aria-invalid=\"false\" placeholder=\"Nome\" value=\"\" type=\"text\" name=\"your-name\" \/><\/span>\n<span class=\"wpcf7-form-control-wrap\" data-name=\"your-subject\"><input size=\"40\" maxlength=\"400\" class=\"wpcf7-form-control wpcf7-text dm_main_sub_7\" aria-invalid=\"false\" placeholder=\"Oggetto\" value=\"\" type=\"text\" name=\"your-subject\" \/><\/span>\n<span class=\"wpcf7-form-control-wrap\" data-name=\"your-email\"><input size=\"40\" maxlength=\"400\" class=\"wpcf7-form-control wpcf7-email wpcf7-text wpcf7-validates-as-email dm_main_email_7\" aria-invalid=\"false\" placeholder=\"Email\" value=\"\" type=\"email\" name=\"your-email\" \/><\/span>\n<input class=\"wpcf7-form-control wpcf7-submit has-spinner dm_submit_button\" type=\"submit\" value=\"Invia\" \/>\n<\/div>\n<\/div><div class=\"wpcf7-response-output\" aria-hidden=\"true\"><\/div>\n<\/form>\n<\/div>\n<\/p>\t\t\t\t\t\t\t\t<\/div>\n\t\t\t\t\t<\/div>\n\t\t<\/div>\n\t\t\t\t\t<\/div>\n\t\t<\/section>\n\t\t\t\t<section class=\"no_anim elementor-section elementor-top-section elementor-element elementor-element-78193af elementor-section-boxed elementor-section-height-default elementor-section-height-default\" data-id=\"78193af\" data-element_type=\"section\" data-e-type=\"section\">\n\t\t\t\t\t\t<div class=\"elementor-container elementor-column-gap-default\">\n\t\t\t\t\t<div class=\"no_anim elementor-column elementor-col-50 elementor-top-column elementor-element elementor-element-91e8a6b\" data-id=\"91e8a6b\" data-element_type=\"column\" data-e-type=\"column\">\n\t\t\t<div class=\"elementor-widget-wrap elementor-element-populated\">\n\t\t\t\t\t\t<div class=\"elementor-element elementor-element-f60c3d1 elementor-widget__width-initial elementor-widget elementor-widget-text-editor\" data-id=\"f60c3d1\" data-element_type=\"widget\" data-e-type=\"widget\" data-widget_type=\"text-editor.default\">\n\t\t\t\t\t\t\t\t\t<p><a href=\"https:\/\/studioostetricosalerno.it\/\">studioostetricosalerno.it<\/a><\/p>\t\t\t\t\t\t\t\t<\/div>\n\t\t\t\t<div class=\"elementor-element elementor-element-6f01d3c elementor-shape-rounded elementor-grid-0 e-grid-align-center elementor-widget elementor-widget-social-icons\" data-id=\"6f01d3c\" data-element_type=\"widget\" data-e-type=\"widget\" data-widget_type=\"social-icons.default\">\n\t\t\t\t\t\t\t<div class=\"elementor-social-icons-wrapper elementor-grid\" role=\"list\">\n\t\t\t\t\t\t\t<span class=\"elementor-grid-item\" role=\"listitem\">\n\t\t\t\t\t<a class=\"elementor-icon elementor-social-icon elementor-social-icon-facebook elementor-repeater-item-2375835\" href=\"https:\/\/www.facebook.com\/studioostetricoalessandra.salerno\" target=\"_blank\">\n\t\t\t\t\t\t<span class=\"elementor-screen-only\">Facebook<\/span>\n\t\t\t\t\t\t<svg aria-hidden=\"true\" class=\"e-font-icon-svg e-fab-facebook\" viewBox=\"0 0 512 512\" xmlns=\"http:\/\/www.w3.org\/2000\/svg\"><path d=\"M504 256C504 119 393 8 256 8S8 119 8 256c0 123.78 90.69 226.38 209.25 245V327.69h-63V256h63v-54.64c0-62.15 37-96.48 93.67-96.48 27.14 0 55.52 4.84 55.52 4.84v61h-31.28c-30.8 0-40.41 19.12-40.41 38.73V256h68.78l-11 71.69h-57.78V501C413.31 482.38 504 379.78 504 256z\"><\/path><\/svg>\t\t\t\t\t<\/a>\n\t\t\t\t<\/span>\n\t\t\t\t\t\t\t<span class=\"elementor-grid-item\" role=\"listitem\">\n\t\t\t\t\t<a class=\"elementor-icon elementor-social-icon elementor-social-icon-instagram elementor-repeater-item-13e06cb\" href=\"https:\/\/www.instagram.com\/dottoressa.salerno?igsh=b2t5d2ZldWptZngw\" target=\"_blank\">\n\t\t\t\t\t\t<span class=\"elementor-screen-only\">Instagram<\/span>\n\t\t\t\t\t\t<svg aria-hidden=\"true\" class=\"e-font-icon-svg e-fab-instagram\" viewBox=\"0 0 448 512\" xmlns=\"http:\/\/www.w3.org\/2000\/svg\"><path d=\"M224.1 141c-63.6 0-114.9 51.3-114.9 114.9s51.3 114.9 114.9 114.9S339 319.5 339 255.9 287.7 141 224.1 141zm0 189.6c-41.1 0-74.7-33.5-74.7-74.7s33.5-74.7 74.7-74.7 74.7 33.5 74.7 74.7-33.6 74.7-74.7 74.7zm146.4-194.3c0 14.9-12 26.8-26.8 26.8-14.9 0-26.8-12-26.8-26.8s12-26.8 26.8-26.8 26.8 12 26.8 26.8zm76.1 27.2c-1.7-35.9-9.9-67.7-36.2-93.9-26.2-26.2-58-34.4-93.9-36.2-37-2.1-147.9-2.1-184.9 0-35.8 1.7-67.6 9.9-93.9 36.1s-34.4 58-36.2 93.9c-2.1 37-2.1 147.9 0 184.9 1.7 35.9 9.9 67.7 36.2 93.9s58 34.4 93.9 36.2c37 2.1 147.9 2.1 184.9 0 35.9-1.7 67.7-9.9 93.9-36.2 26.2-26.2 34.4-58 36.2-93.9 2.1-37 2.1-147.8 0-184.8zM398.8 388c-7.8 19.6-22.9 34.7-42.6 42.6-29.5 11.7-99.5 9-132.1 9s-102.7 2.6-132.1-9c-19.6-7.8-34.7-22.9-42.6-42.6-11.7-29.5-9-99.5-9-132.1s-2.6-102.7 9-132.1c7.8-19.6 22.9-34.7 42.6-42.6 29.5-11.7 99.5-9 132.1-9s102.7-2.6 132.1 9c19.6 7.8 34.7 22.9 42.6 42.6 11.7 29.5 9 99.5 9 132.1s2.7 102.7-9 132.1z\"><\/path><\/svg>\t\t\t\t\t<\/a>\n\t\t\t\t<\/span>\n\t\t\t\t\t\t\t<span class=\"elementor-grid-item\" role=\"listitem\">\n\t\t\t\t\t<a class=\"elementor-icon elementor-social-icon elementor-social-icon-youtube elementor-repeater-item-e5a1e08\" href=\"http:\/\/www.youtube.com\/@Ragusa-z3c\" target=\"_blank\">\n\t\t\t\t\t\t<span class=\"elementor-screen-only\">Youtube<\/span>\n\t\t\t\t\t\t<svg aria-hidden=\"true\" class=\"e-font-icon-svg e-fab-youtube\" viewBox=\"0 0 576 512\" xmlns=\"http:\/\/www.w3.org\/2000\/svg\"><path d=\"M549.655 124.083c-6.281-23.65-24.787-42.276-48.284-48.597C458.781 64 288 64 288 64S117.22 64 74.629 75.486c-23.497 6.322-42.003 24.947-48.284 48.597-11.412 42.867-11.412 132.305-11.412 132.305s0 89.438 11.412 132.305c6.281 23.65 24.787 41.5 48.284 47.821C117.22 448 288 448 288 448s170.78 0 213.371-11.486c23.497-6.321 42.003-24.171 48.284-47.821 11.412-42.867 11.412-132.305 11.412-132.305s0-89.438-11.412-132.305zm-317.51 213.508V175.185l142.739 81.205-142.739 81.201z\"><\/path><\/svg>\t\t\t\t\t<\/a>\n\t\t\t\t<\/span>\n\t\t\t\t\t<\/div>\n\t\t\t\t\t\t<\/div>\n\t\t\t\t\t<\/div>\n\t\t<\/div>\n\t\t\t\t<div class=\"no_anim elementor-column elementor-col-50 elementor-top-column elementor-element elementor-element-f905c79\" data-id=\"f905c79\" data-element_type=\"column\" data-e-type=\"column\">\n\t\t\t<div class=\"elementor-widget-wrap elementor-element-populated\">\n\t\t\t\t\t\t<div class=\"elementor-element elementor-element-3b79523 elementor-widget__width-initial elementor-widget elementor-widget-text-editor\" data-id=\"3b79523\" data-element_type=\"widget\" data-e-type=\"widget\" data-widget_type=\"text-editor.default\">\n\t\t\t\t\t\t\t\t\t<a href=\"https:\/\/mewaby.it\/\">mewaby.it<\/a>\t\t\t\t\t\t\t\t<\/div>\n\t\t\t\t<div class=\"elementor-element elementor-element-38a40bf elementor-shape-rounded elementor-grid-0 e-grid-align-center elementor-widget elementor-widget-social-icons\" data-id=\"38a40bf\" data-element_type=\"widget\" data-e-type=\"widget\" data-widget_type=\"social-icons.default\">\n\t\t\t\t\t\t\t<div class=\"elementor-social-icons-wrapper elementor-grid\" role=\"list\">\n\t\t\t\t\t\t\t<span class=\"elementor-grid-item\" role=\"listitem\">\n\t\t\t\t\t<a class=\"elementor-icon elementor-social-icon elementor-social-icon-facebook elementor-repeater-item-2375835\" href=\"https:\/\/www.facebook.com\/mewaby\" target=\"_blank\">\n\t\t\t\t\t\t<span class=\"elementor-screen-only\">Facebook<\/span>\n\t\t\t\t\t\t<svg aria-hidden=\"true\" class=\"e-font-icon-svg e-fab-facebook\" viewBox=\"0 0 512 512\" xmlns=\"http:\/\/www.w3.org\/2000\/svg\"><path d=\"M504 256C504 119 393 8 256 8S8 119 8 256c0 123.78 90.69 226.38 209.25 245V327.69h-63V256h63v-54.64c0-62.15 37-96.48 93.67-96.48 27.14 0 55.52 4.84 55.52 4.84v61h-31.28c-30.8 0-40.41 19.12-40.41 38.73V256h68.78l-11 71.69h-57.78V501C413.31 482.38 504 379.78 504 256z\"><\/path><\/svg>\t\t\t\t\t<\/a>\n\t\t\t\t<\/span>\n\t\t\t\t\t\t\t<span class=\"elementor-grid-item\" role=\"listitem\">\n\t\t\t\t\t<a class=\"elementor-icon elementor-social-icon elementor-social-icon-instagram elementor-repeater-item-13e06cb\" href=\"http:\/\/www.instagram.com\/metodomewaby\" target=\"_blank\">\n\t\t\t\t\t\t<span class=\"elementor-screen-only\">Instagram<\/span>\n\t\t\t\t\t\t<svg aria-hidden=\"true\" class=\"e-font-icon-svg e-fab-instagram\" viewBox=\"0 0 448 512\" xmlns=\"http:\/\/www.w3.org\/2000\/svg\"><path d=\"M224.1 141c-63.6 0-114.9 51.3-114.9 114.9s51.3 114.9 114.9 114.9S339 319.5 339 255.9 287.7 141 224.1 141zm0 189.6c-41.1 0-74.7-33.5-74.7-74.7s33.5-74.7 74.7-74.7 74.7 33.5 74.7 74.7-33.6 74.7-74.7 74.7zm146.4-194.3c0 14.9-12 26.8-26.8 26.8-14.9 0-26.8-12-26.8-26.8s12-26.8 26.8-26.8 26.8 12 26.8 26.8zm76.1 27.2c-1.7-35.9-9.9-67.7-36.2-93.9-26.2-26.2-58-34.4-93.9-36.2-37-2.1-147.9-2.1-184.9 0-35.8 1.7-67.6 9.9-93.9 36.1s-34.4 58-36.2 93.9c-2.1 37-2.1 147.9 0 184.9 1.7 35.9 9.9 67.7 36.2 93.9s58 34.4 93.9 36.2c37 2.1 147.9 2.1 184.9 0 35.9-1.7 67.7-9.9 93.9-36.2 26.2-26.2 34.4-58 36.2-93.9 2.1-37 2.1-147.8 0-184.8zM398.8 388c-7.8 19.6-22.9 34.7-42.6 42.6-29.5 11.7-99.5 9-132.1 9s-102.7 2.6-132.1-9c-19.6-7.8-34.7-22.9-42.6-42.6-11.7-29.5-9-99.5-9-132.1s-2.6-102.7 9-132.1c7.8-19.6 22.9-34.7 42.6-42.6 29.5-11.7 99.5-9 132.1-9s102.7-2.6 132.1 9c19.6 7.8 34.7 22.9 42.6 42.6 11.7 29.5 9 99.5 9 132.1s2.7 102.7-9 132.1z\"><\/path><\/svg>\t\t\t\t\t<\/a>\n\t\t\t\t<\/span>\n\t\t\t\t\t\t\t<span class=\"elementor-grid-item\" role=\"listitem\">\n\t\t\t\t\t<a class=\"elementor-icon elementor-social-icon elementor-social-icon-youtube elementor-repeater-item-1bb31fd\" href=\"http:\/\/sf2.domainkey.u56989571.wl072.sendgrid.net\" target=\"_blank\">\n\t\t\t\t\t\t<span class=\"elementor-screen-only\">Youtube<\/span>\n\t\t\t\t\t\t<svg aria-hidden=\"true\" class=\"e-font-icon-svg e-fab-youtube\" viewBox=\"0 0 576 512\" xmlns=\"http:\/\/www.w3.org\/2000\/svg\"><path d=\"M549.655 124.083c-6.281-23.65-24.787-42.276-48.284-48.597C458.781 64 288 64 288 64S117.22 64 74.629 75.486c-23.497 6.322-42.003 24.947-48.284 48.597-11.412 42.867-11.412 132.305-11.412 132.305s0 89.438 11.412 132.305c6.281 23.65 24.787 41.5 48.284 47.821C117.22 448 288 448 288 448s170.78 0 213.371-11.486c23.497-6.321 42.003-24.171 48.284-47.821 11.412-42.867 11.412-132.305 11.412-132.305s0-89.438-11.412-132.305zm-317.51 213.508V175.185l142.739 81.205-142.739 81.201z\"><\/path><\/svg>\t\t\t\t\t<\/a>\n\t\t\t\t<\/span>\n\t\t\t\t\t<\/div>\n\t\t\t\t\t\t<\/div>\n\t\t\t\t\t<\/div>\n\t\t<\/div>\n\t\t\t\t\t<\/div>\n\t\t<\/section>\n\t\t\t\t<section class=\"no_anim elementor-section elementor-top-section elementor-element elementor-element-a5dd2ed elementor-section-boxed elementor-section-height-default elementor-section-height-default\" data-id=\"a5dd2ed\" data-element_type=\"section\" data-e-type=\"section\" data-settings=\"{&quot;background_background&quot;:&quot;classic&quot;}\">\n\t\t\t\t\t\t<div class=\"elementor-container elementor-column-gap-default\">\n\t\t\t\t\t<div class=\"no_anim elementor-column elementor-col-50 elementor-top-column elementor-element elementor-element-5d5d32f\" data-id=\"5d5d32f\" data-element_type=\"column\" data-e-type=\"column\">\n\t\t\t<div class=\"elementor-widget-wrap elementor-element-populated\">\n\t\t\t\t\t\t<div class=\"elementor-element elementor-element-f904480 elementor-widget elementor-widget-image\" data-id=\"f904480\" data-element_type=\"widget\" data-e-type=\"widget\" data-widget_type=\"image.default\">\n\t\t\t\t\t\t\t\t\t\t\t\t\t\t\t<img fetchpriority=\"high\" decoding=\"async\" width=\"300\" height=\"169\" src=\"https:\/\/accademiafemminilmente.it\/wp-content\/uploads\/2025\/11\/femminilmente-1.svg\" class=\"attachment-medium size-medium wp-image-3930\" alt=\"\" \/>\t\t\t\t\t\t\t\t\t\t\t\t\t\t\t<\/div>\n\t\t\t\t<div class=\"elementor-element elementor-element-b65dd82 elementor-widget elementor-widget-text-editor\" data-id=\"b65dd82\" data-element_type=\"widget\" data-e-type=\"widget\" data-widget_type=\"text-editor.default\">\n\t\t\t\t\t\t\t\t\t<p>DOTT.SSA OSTERICA SALERNO ALESSANDRA<br \/>P.IVA 01750180885<\/p>\t\t\t\t\t\t\t\t<\/div>\n\t\t\t\t\t<\/div>\n\t\t<\/div>\n\t\t\t\t<div class=\"no_anim elementor-column elementor-col-50 elementor-top-column elementor-element elementor-element-8bf3bd8\" data-id=\"8bf3bd8\" data-element_type=\"column\" data-e-type=\"column\" data-settings=\"{&quot;background_background&quot;:&quot;classic&quot;}\">\n\t\t\t<div class=\"elementor-widget-wrap elementor-element-populated\">\n\t\t\t\t\t\t<div class=\"elementor-element elementor-element-2fc0602 elementor-widget elementor-widget-text-editor\" data-id=\"2fc0602\" data-element_type=\"widget\" data-e-type=\"widget\" data-widget_type=\"text-editor.default\">\n\t\t\t\t\t\t\t\t\t<strong style=\"color: #d7295b;\">Indirizzo<\/strong><\/br>\nVia G. Marconi 140, Vittoria RG<\/br>\n<strong style=\"color: #d7295b;\">Email<\/strong><\/br>\nalessandra.salerno@libero.it<\/br>\n<strong style=\"color: #d7295b;\">Telefono<\/strong><\/br>\n338 290 4565\t\t\t\t\t\t\t\t<\/div>\n\t\t\t\t\t<\/div>\n\t\t<\/div>\n\t\t\t\t\t<\/div>\n\t\t<\/section>\n\t\t\t\t<\/div>\n\t\t","protected":false},"excerpt":{"rendered":"<p>Hai domande sui percorsi, curiosit\u00e0 sui corsi o semplicemente il desiderio di condividere un pensiero?Scrivici con serenit\u00e0: ogni messaggio \u00e8 uno spazio di ascolto, e saremo felici di risponderti il prima possibile. Se invece hai bisogno di supporto tecnico sui videocorsi, o riscontri difficolt\u00e0 di accesso alla piattaforma, puoi contattarci direttamente via email a alessandra.salerno@libero.it.Il [&hellip;]<\/p>\n","protected":false},"author":1,"featured_media":0,"parent":0,"menu_order":0,"comment_status":"closed","ping_status":"closed","template":"full-width-template.php","meta":{"_acf_changed":false,"_sitemap_exclude":false,"_sitemap_priority":"","_sitemap_frequency":"","footnotes":""},"class_list":["post-293","page","type-page","status-publish","hentry"],"acf":[],"yoast_head":"<!-- This site is optimized with the Yoast SEO plugin v27.0 - https:\/\/yoast.com\/product\/yoast-seo-wordpress\/ -->\n<title>Contatti - Femminilmente<\/title>\n<meta name=\"robots\" content=\"index, follow, max-snippet:-1, max-image-preview:large, max-video-preview:-1\" \/>\n<link rel=\"canonical\" href=\"https:\/\/accademiafemminilmente.it\/?page_id=293\" \/>\n<meta property=\"og:locale\" content=\"it_IT\" \/>\n<meta property=\"og:type\" content=\"article\" \/>\n<meta property=\"og:title\" content=\"Contatti - Femminilmente\" \/>\n<meta property=\"og:description\" content=\"Hai domande sui percorsi, curiosit\u00e0 sui corsi o semplicemente il desiderio di condividere un pensiero?Scrivici con serenit\u00e0: ogni messaggio \u00e8 uno spazio di ascolto, e saremo felici di risponderti il prima possibile. Se invece hai bisogno di supporto tecnico sui videocorsi, o riscontri difficolt\u00e0 di accesso alla piattaforma, puoi contattarci direttamente via email a alessandra.salerno@libero.it.Il [&hellip;]\" \/>\n<meta property=\"og:url\" content=\"https:\/\/accademiafemminilmente.it\/?page_id=293\" \/>\n<meta property=\"og:site_name\" content=\"Femminilmente\" \/>\n<meta property=\"article:publisher\" content=\"https:\/\/www.facebook.com\/mewaby\" \/>\n<meta property=\"article:modified_time\" content=\"2025-12-26T17:41:59+00:00\" \/>\n<meta name=\"twitter:card\" content=\"summary_large_image\" \/>\n<meta name=\"twitter:label1\" content=\"Tempo di lettura stimato\" \/>\n\t<meta name=\"twitter:data1\" content=\"1 minuto\" \/>\n<script type=\"application\/ld+json\" class=\"yoast-schema-graph\">{\"@context\":\"https:\/\/schema.org\",\"@graph\":[{\"@type\":\"WebPage\",\"@id\":\"https:\/\/accademiafemminilmente.it\/?page_id=293\",\"url\":\"https:\/\/accademiafemminilmente.it\/?page_id=293\",\"name\":\"Contatti - Femminilmente\",\"isPartOf\":{\"@id\":\"https:\/\/accademiafemminilmente.it\/#website\"},\"primaryImageOfPage\":{\"@id\":\"https:\/\/accademiafemminilmente.it\/?page_id=293#primaryimage\"},\"image\":{\"@id\":\"https:\/\/accademiafemminilmente.it\/?page_id=293#primaryimage\"},\"thumbnailUrl\":\"https:\/\/accademiafemminilmente.it\/wp-content\/uploads\/2025\/11\/femminilmente-1.svg\",\"datePublished\":\"2018-03-23T10:07:53+00:00\",\"dateModified\":\"2025-12-26T17:41:59+00:00\",\"breadcrumb\":{\"@id\":\"https:\/\/accademiafemminilmente.it\/?page_id=293#breadcrumb\"},\"inLanguage\":\"it-IT\",\"potentialAction\":[{\"@type\":\"ReadAction\",\"target\":[\"https:\/\/accademiafemminilmente.it\/?page_id=293\"]}]},{\"@type\":\"ImageObject\",\"inLanguage\":\"it-IT\",\"@id\":\"https:\/\/accademiafemminilmente.it\/?page_id=293#primaryimage\",\"url\":\"https:\/\/accademiafemminilmente.it\/wp-content\/uploads\/2025\/11\/femminilmente-1.svg\",\"contentUrl\":\"https:\/\/accademiafemminilmente.it\/wp-content\/uploads\/2025\/11\/femminilmente-1.svg\",\"width\":1920,\"height\":1080},{\"@type\":\"BreadcrumbList\",\"@id\":\"https:\/\/accademiafemminilmente.it\/?page_id=293#breadcrumb\",\"itemListElement\":[{\"@type\":\"ListItem\",\"position\":1,\"name\":\"Home\",\"item\":\"https:\/\/accademiafemminilmente.it\/\"},{\"@type\":\"ListItem\",\"position\":2,\"name\":\"Contatti\"}]},{\"@type\":\"WebSite\",\"@id\":\"https:\/\/accademiafemminilmente.it\/#website\",\"url\":\"https:\/\/accademiafemminilmente.it\/\",\"name\":\"Accademia Femminilmente\",\"description\":\"riprendiamo in mano la nostra vita\",\"publisher\":{\"@id\":\"https:\/\/accademiafemminilmente.it\/#organization\"},\"potentialAction\":[{\"@type\":\"SearchAction\",\"target\":{\"@type\":\"EntryPoint\",\"urlTemplate\":\"https:\/\/accademiafemminilmente.it\/?s={search_term_string}\"},\"query-input\":{\"@type\":\"PropertyValueSpecification\",\"valueRequired\":true,\"valueName\":\"search_term_string\"}}],\"inLanguage\":\"it-IT\"},{\"@type\":\"Organization\",\"@id\":\"https:\/\/accademiafemminilmente.it\/#organization\",\"name\":\"Femminilmente\",\"url\":\"https:\/\/accademiafemminilmente.it\/\",\"logo\":{\"@type\":\"ImageObject\",\"inLanguage\":\"it-IT\",\"@id\":\"https:\/\/accademiafemminilmente.it\/#\/schema\/logo\/image\/\",\"url\":\"https:\/\/accademiafemminilmente.it\/wp-content\/uploads\/2025\/11\/femminilmente-1-1.svg\",\"contentUrl\":\"https:\/\/accademiafemminilmente.it\/wp-content\/uploads\/2025\/11\/femminilmente-1-1.svg\",\"width\":1920,\"height\":356,\"caption\":\"Femminilmente\"},\"image\":{\"@id\":\"https:\/\/accademiafemminilmente.it\/#\/schema\/logo\/image\/\"},\"sameAs\":[\"https:\/\/www.facebook.com\/mewaby\",\"https:\/\/www.facebook.com\/studioostetricoalessandra.salerno\",\"https:\/\/www.instagram.com\/metodomewaby\",\"https:\/\/www.instagram.com\/dottoressa.salerno?igsh=b2t5d2ZldWptZngw\"]}]}<\/script>\n<!-- \/ Yoast SEO plugin. -->","yoast_head_json":{"title":"Contatti - Femminilmente","robots":{"index":"index","follow":"follow","max-snippet":"max-snippet:-1","max-image-preview":"max-image-preview:large","max-video-preview":"max-video-preview:-1"},"canonical":"https:\/\/accademiafemminilmente.it\/?page_id=293","og_locale":"it_IT","og_type":"article","og_title":"Contatti - Femminilmente","og_description":"Hai domande sui percorsi, curiosit\u00e0 sui corsi o semplicemente il desiderio di condividere un pensiero?Scrivici con serenit\u00e0: ogni messaggio \u00e8 uno spazio di ascolto, e saremo felici di risponderti il prima possibile. Se invece hai bisogno di supporto tecnico sui videocorsi, o riscontri difficolt\u00e0 di accesso alla piattaforma, puoi contattarci direttamente via email a alessandra.salerno@libero.it.Il [&hellip;]","og_url":"https:\/\/accademiafemminilmente.it\/?page_id=293","og_site_name":"Femminilmente","article_publisher":"https:\/\/www.facebook.com\/mewaby","article_modified_time":"2025-12-26T17:41:59+00:00","twitter_card":"summary_large_image","twitter_misc":{"Tempo di lettura stimato":"1 minuto"},"schema":{"@context":"https:\/\/schema.org","@graph":[{"@type":"WebPage","@id":"https:\/\/accademiafemminilmente.it\/?page_id=293","url":"https:\/\/accademiafemminilmente.it\/?page_id=293","name":"Contatti - Femminilmente","isPartOf":{"@id":"https:\/\/accademiafemminilmente.it\/#website"},"primaryImageOfPage":{"@id":"https:\/\/accademiafemminilmente.it\/?page_id=293#primaryimage"},"image":{"@id":"https:\/\/accademiafemminilmente.it\/?page_id=293#primaryimage"},"thumbnailUrl":"https:\/\/accademiafemminilmente.it\/wp-content\/uploads\/2025\/11\/femminilmente-1.svg","datePublished":"2018-03-23T10:07:53+00:00","dateModified":"2025-12-26T17:41:59+00:00","breadcrumb":{"@id":"https:\/\/accademiafemminilmente.it\/?page_id=293#breadcrumb"},"inLanguage":"it-IT","potentialAction":[{"@type":"ReadAction","target":["https:\/\/accademiafemminilmente.it\/?page_id=293"]}]},{"@type":"ImageObject","inLanguage":"it-IT","@id":"https:\/\/accademiafemminilmente.it\/?page_id=293#primaryimage","url":"https:\/\/accademiafemminilmente.it\/wp-content\/uploads\/2025\/11\/femminilmente-1.svg","contentUrl":"https:\/\/accademiafemminilmente.it\/wp-content\/uploads\/2025\/11\/femminilmente-1.svg","width":1920,"height":1080},{"@type":"BreadcrumbList","@id":"https:\/\/accademiafemminilmente.it\/?page_id=293#breadcrumb","itemListElement":[{"@type":"ListItem","position":1,"name":"Home","item":"https:\/\/accademiafemminilmente.it\/"},{"@type":"ListItem","position":2,"name":"Contatti"}]},{"@type":"WebSite","@id":"https:\/\/accademiafemminilmente.it\/#website","url":"https:\/\/accademiafemminilmente.it\/","name":"Accademia Femminilmente","description":"riprendiamo in mano la nostra vita","publisher":{"@id":"https:\/\/accademiafemminilmente.it\/#organization"},"potentialAction":[{"@type":"SearchAction","target":{"@type":"EntryPoint","urlTemplate":"https:\/\/accademiafemminilmente.it\/?s={search_term_string}"},"query-input":{"@type":"PropertyValueSpecification","valueRequired":true,"valueName":"search_term_string"}}],"inLanguage":"it-IT"},{"@type":"Organization","@id":"https:\/\/accademiafemminilmente.it\/#organization","name":"Femminilmente","url":"https:\/\/accademiafemminilmente.it\/","logo":{"@type":"ImageObject","inLanguage":"it-IT","@id":"https:\/\/accademiafemminilmente.it\/#\/schema\/logo\/image\/","url":"https:\/\/accademiafemminilmente.it\/wp-content\/uploads\/2025\/11\/femminilmente-1-1.svg","contentUrl":"https:\/\/accademiafemminilmente.it\/wp-content\/uploads\/2025\/11\/femminilmente-1-1.svg","width":1920,"height":356,"caption":"Femminilmente"},"image":{"@id":"https:\/\/accademiafemminilmente.it\/#\/schema\/logo\/image\/"},"sameAs":["https:\/\/www.facebook.com\/mewaby","https:\/\/www.facebook.com\/studioostetricoalessandra.salerno","https:\/\/www.instagram.com\/metodomewaby","https:\/\/www.instagram.com\/dottoressa.salerno?igsh=b2t5d2ZldWptZngw"]}]}},"_links":{"self":[{"href":"https:\/\/accademiafemminilmente.it\/index.php?rest_route=\/wp\/v2\/pages\/293","targetHints":{"allow":["GET"]}}],"collection":[{"href":"https:\/\/accademiafemminilmente.it\/index.php?rest_route=\/wp\/v2\/pages"}],"about":[{"href":"https:\/\/accademiafemminilmente.it\/index.php?rest_route=\/wp\/v2\/types\/page"}],"author":[{"embeddable":true,"href":"https:\/\/accademiafemminilmente.it\/index.php?rest_route=\/wp\/v2\/users\/1"}],"replies":[{"embeddable":true,"href":"https:\/\/accademiafemminilmente.it\/index.php?rest_route=%2Fwp%2Fv2%2Fcomments&post=293"}],"version-history":[{"count":17,"href":"https:\/\/accademiafemminilmente.it\/index.php?rest_route=\/wp\/v2\/pages\/293\/revisions"}],"predecessor-version":[{"id":4687,"href":"https:\/\/accademiafemminilmente.it\/index.php?rest_route=\/wp\/v2\/pages\/293\/revisions\/4687"}],"wp:attachment":[{"href":"https:\/\/accademiafemminilmente.it\/index.php?rest_route=%2Fwp%2Fv2%2Fmedia&parent=293"}],"curies":[{"name":"wp","href":"https:\/\/api.w.org\/{rel}","templated":true}]}}