{"id":209,"date":"2018-03-23T10:06:34","date_gmt":"2018-03-23T10:06:34","guid":{"rendered":"https:\/\/www.themeplanet.club\/?page_id=209"},"modified":"2025-12-22T13:05:01","modified_gmt":"2025-12-22T13:05:01","slug":"about-us","status":"publish","type":"page","link":"https:\/\/accademiafemminilmente.it\/?page_id=209","title":{"rendered":"Chi sono"},"content":{"rendered":"\t\t<div data-elementor-type=\"wp-post\" data-elementor-id=\"209\" class=\"elementor elementor-209\">\n\t\t\t\t<div class=\"no_anim elementor-element elementor-element-33746fe e-flex e-con-boxed e-con e-parent\" data-id=\"33746fe\" data-element_type=\"container\" data-e-type=\"container\">\n\t\t\t\t\t<div class=\"e-con-inner\">\n\t\t<div class=\"no_anim elementor-element elementor-element-de4490d e-con-full e-flex e-con e-child\" data-id=\"de4490d\" data-element_type=\"container\" data-e-type=\"container\">\n\t\t\t\t<div class=\"elementor-element elementor-element-219b0ed elementor-widget elementor-widget-image\" data-id=\"219b0ed\" data-element_type=\"widget\" data-e-type=\"widget\" data-widget_type=\"image.default\">\n\t\t\t\t\t\t\t\t\t\t\t\t\t\t\t<img decoding=\"async\" src=\"https:\/\/accademiafemminilmente.it\/wp-content\/uploads\/elementor\/thumbs\/foto-salerno-1-rfnqvj3upnckiqhpwrfpiqzxm2esa1mccxpackt5kc.jpg\" title=\"foto-salerno\" alt=\"foto-salerno\" loading=\"lazy\" \/>\t\t\t\t\t\t\t\t\t\t\t\t\t\t\t<\/div>\n\t\t\t\t<\/div>\n\t\t<div class=\"no_anim elementor-element elementor-element-3aba45a e-con-full e-flex e-con e-child\" data-id=\"3aba45a\" data-element_type=\"container\" data-e-type=\"container\">\n\t\t\t\t<div class=\"elementor-element elementor-element-aa19287 elementor-widget elementor-widget-text-editor\" data-id=\"aa19287\" data-element_type=\"widget\" data-e-type=\"widget\" data-widget_type=\"text-editor.default\">\n\t\t\t\t\t\t\t\t\t<p><b style=\"color: #d7295b;\">Dott.ssa Alessandra Salerno<\/b> Laurea in Ostetricia nel 2007 presso l\u2019Universit\u00e0 \u201cLa Sapienza\u201d di Roma con votazione di 110 e lode, ha lavorato presso la Casa di Maternit\u00e0: Casa Mia; dopo una lunga serie di corsi di formazione diventa Direttrice del centro, che lei stessa ha fondato nel 2011, Studio Ostetrico. Da Ostetrica diventa anche Counsellor di Coppia e di Famiglia offrendo, da pi\u00f9 di 15 anni, il suo supporto alle coppie in difficolt\u00e0. Moglie, Madre e Mentore si \u00e8 messa al servizio di Mewaby\u00ae, il metodo delle Coppie per vivere un Amore Autentico, contribuendo al suo sviluppo in maniera fondamentale. Promotrice della nascita rispettata extra ospedaliera \u00e8 stata docente di convegni. Fondatrice dell\u2019Accademia Femminilmente progettata per ridare valore alla Donna mediante la conoscenza di s\u00e9, aiutandola a ricordare chi \u00e8 sempre stata, e soprattutto supportala a tirare fuori le competenze innate\u2026<\/p>\t\t\t\t\t\t\t\t<\/div>\n\t\t\t\t<\/div>\n\t\t\t\t\t<\/div>\n\t\t\t\t<\/div>\n\t\t\t\t<section class=\"no_anim elementor-section elementor-top-section elementor-element elementor-element-f7f8c0a elementor-section-boxed elementor-section-height-default elementor-section-height-default\" data-id=\"f7f8c0a\" data-element_type=\"section\" data-e-type=\"section\">\n\t\t\t\t\t\t<div class=\"elementor-container elementor-column-gap-default\">\n\t\t\t\t\t<div class=\"no_anim elementor-column elementor-col-100 elementor-top-column elementor-element elementor-element-6aa91c2\" data-id=\"6aa91c2\" data-element_type=\"column\" data-e-type=\"column\">\n\t\t\t<div class=\"elementor-widget-wrap elementor-element-populated\">\n\t\t\t\t\t\t<div class=\"elementor-element elementor-element-772dd0c elementor-widget elementor-widget-heading\" data-id=\"772dd0c\" data-element_type=\"widget\" data-e-type=\"widget\" data-widget_type=\"heading.default\">\n\t\t\t\t\t<h2 class=\"elementor-heading-title elementor-size-default\">Cos\u2019\u00e8 Femminilmente<\/h2>\t\t\t\t<\/div>\n\t\t\t\t<div class=\"elementor-element elementor-element-1e8503b elementor-widget elementor-widget-text-editor\" data-id=\"1e8503b\" data-element_type=\"widget\" data-e-type=\"widget\" data-widget_type=\"text-editor.default\">\n\t\t\t\t\t\t\t\t\t<p class=\"big\" title=\"50 words\">La domanda che mi sono posto prima di progettare Femminilmente \u00e8 stata: come pu\u00f2 la donna che \u00e8 il centro dell\u2019Universo, capostipite della Famiglia, guida nella Coppia, Madre dei figli, Lavoratrice e detentrice del focolare di una casa trovare la Felicit\u00e0, essere sicura di s\u00e9, pronta ad affrontare le sfide di ogni giorno, saper cadere ed avere gli strumenti per rialzarsi o semplicemente coccolarsi per stare bene con se stessa? Prende cos\u00ec vita un progetto che inizia nella mia mente e si concretizza quando comincia a rappresentare lo strumento attraverso cui iniziare a costruire un futuro migliore tramite i Corsi di Formazione svolti da una Professionista Donna, Compagna e Madre per le Donne!<\/p>\t\t\t\t\t\t\t\t<\/div>\n\t\t\t\t\t<\/div>\n\t\t<\/div>\n\t\t\t\t\t<\/div>\n\t\t<\/section>\n\t\t\t\t<section class=\"no_anim elementor-section elementor-top-section elementor-element elementor-element-1d5f2a8 elementor-section-boxed elementor-section-height-default elementor-section-height-default\" data-id=\"1d5f2a8\" data-element_type=\"section\" data-e-type=\"section\" data-settings=\"{&quot;background_background&quot;:&quot;classic&quot;}\">\n\t\t\t\t\t\t<div class=\"elementor-container elementor-column-gap-default\">\n\t\t\t\t\t<div class=\"no_anim elementor-column elementor-col-100 elementor-top-column elementor-element elementor-element-0ee7d0e\" data-id=\"0ee7d0e\" data-element_type=\"column\" data-e-type=\"column\">\n\t\t\t<div class=\"elementor-widget-wrap elementor-element-populated\">\n\t\t\t\t\t\t<div class=\"elementor-element elementor-element-c18e378 elementor-widget elementor-widget-text-editor\" data-id=\"c18e378\" data-element_type=\"widget\" data-e-type=\"widget\" data-widget_type=\"text-editor.default\">\n\t\t\t\t\t\t\t\t\t<h2 style=\"color: #d7295b; text-align: center;\">I nostri valori<\/h2>\t\t\t\t\t\t\t\t<\/div>\n\t\t\t\t\t<\/div>\n\t\t<\/div>\n\t\t\t\t\t<\/div>\n\t\t<\/section>\n\t\t\t\t<section class=\"no_anim elementor-section elementor-top-section elementor-element elementor-element-bea3921 elementor-section-boxed elementor-section-height-default elementor-section-height-default\" data-id=\"bea3921\" data-element_type=\"section\" data-e-type=\"section\" data-settings=\"{&quot;background_background&quot;:&quot;gradient&quot;}\">\n\t\t\t\t\t\t<div class=\"elementor-container elementor-column-gap-default\">\n\t\t\t\t\t<div class=\"no_anim elementor-column elementor-col-100 elementor-top-column elementor-element elementor-element-0fc870d\" data-id=\"0fc870d\" data-element_type=\"column\" data-e-type=\"column\">\n\t\t\t<div class=\"elementor-widget-wrap elementor-element-populated\">\n\t\t\t\t\t\t<section class=\"no_anim elementor-section elementor-inner-section elementor-element elementor-element-42603ca elementor-section-boxed elementor-section-height-default elementor-section-height-default\" data-id=\"42603ca\" data-element_type=\"section\" data-e-type=\"section\">\n\t\t\t\t\t\t<div class=\"elementor-container elementor-column-gap-default\">\n\t\t\t\t\t<div class=\"no_anim elementor-column elementor-col-25 elementor-inner-column elementor-element elementor-element-f498e9c\" data-id=\"f498e9c\" data-element_type=\"column\" data-e-type=\"column\">\n\t\t\t<div class=\"elementor-widget-wrap elementor-element-populated\">\n\t\t\t\t\t\t<div class=\"elementor-element elementor-element-f698661 elementor-widget elementor-widget-heading\" data-id=\"f698661\" data-element_type=\"widget\" data-e-type=\"widget\" data-widget_type=\"heading.default\">\n\t\t\t\t\t<h2 class=\"elementor-heading-title elementor-size-default\">Professionalit\u00e0:<\/h2>\t\t\t\t<\/div>\n\t\t\t\t<div class=\"elementor-element elementor-element-b2b6ed2 elementor-widget elementor-widget-text-editor\" data-id=\"b2b6ed2\" data-element_type=\"widget\" data-e-type=\"widget\" data-widget_type=\"text-editor.default\">\n\t\t\t\t\t\t\t\t\t<p>Ogni corso nasce da protocolli e pratiche basate su evidenze scientifiche.<\/p>\t\t\t\t\t\t\t\t<\/div>\n\t\t\t\t\t<\/div>\n\t\t<\/div>\n\t\t\t\t<div class=\"no_anim elementor-column elementor-col-25 elementor-inner-column elementor-element elementor-element-652c628\" data-id=\"652c628\" data-element_type=\"column\" data-e-type=\"column\">\n\t\t\t<div class=\"elementor-widget-wrap elementor-element-populated\">\n\t\t\t\t\t\t<div class=\"elementor-element elementor-element-b3f17cd elementor-widget elementor-widget-heading\" data-id=\"b3f17cd\" data-element_type=\"widget\" data-e-type=\"widget\" data-widget_type=\"heading.default\">\n\t\t\t\t\t<h2 class=\"elementor-heading-title elementor-size-default\">Empatia:<\/h2>\t\t\t\t<\/div>\n\t\t\t\t<div class=\"elementor-element elementor-element-10f3e14 elementor-widget elementor-widget-text-editor\" data-id=\"10f3e14\" data-element_type=\"widget\" data-e-type=\"widget\" data-widget_type=\"text-editor.default\">\n\t\t\t\t\t\t\t\t\t<p>Accompagniamo le famiglie con sensibilit\u00e0, rispetto e ascolto attivo.<\/p>\t\t\t\t\t\t\t\t<\/div>\n\t\t\t\t\t<\/div>\n\t\t<\/div>\n\t\t\t\t<div class=\"no_anim elementor-column elementor-col-25 elementor-inner-column elementor-element elementor-element-3036424\" data-id=\"3036424\" data-element_type=\"column\" data-e-type=\"column\">\n\t\t\t<div class=\"elementor-widget-wrap elementor-element-populated\">\n\t\t\t\t\t\t<div class=\"elementor-element elementor-element-f295ac8 elementor-widget elementor-widget-heading\" data-id=\"f295ac8\" data-element_type=\"widget\" data-e-type=\"widget\" data-widget_type=\"heading.default\">\n\t\t\t\t\t<h2 class=\"elementor-heading-title elementor-size-default\">Semplicit\u00e0:<\/h2>\t\t\t\t<\/div>\n\t\t\t\t<div class=\"elementor-element elementor-element-7dd9b1d elementor-widget elementor-widget-text-editor\" data-id=\"7dd9b1d\" data-element_type=\"widget\" data-e-type=\"widget\" data-widget_type=\"text-editor.default\">\n\t\t\t\t\t\t\t\t\t<p>Informazioni complesse spiegate in modo comprensibile e soprattutto pratico.<\/p>\t\t\t\t\t\t\t\t<\/div>\n\t\t\t\t\t<\/div>\n\t\t<\/div>\n\t\t\t\t<div class=\"no_anim elementor-column elementor-col-25 elementor-inner-column elementor-element elementor-element-4800692\" data-id=\"4800692\" data-element_type=\"column\" data-e-type=\"column\">\n\t\t\t<div class=\"elementor-widget-wrap elementor-element-populated\">\n\t\t\t\t\t\t<div class=\"elementor-element elementor-element-e2ff232 elementor-widget elementor-widget-heading\" data-id=\"e2ff232\" data-element_type=\"widget\" data-e-type=\"widget\" data-widget_type=\"heading.default\">\n\t\t\t\t\t<h2 class=\"elementor-heading-title elementor-size-default\">Crescita continua:<\/h2>\t\t\t\t<\/div>\n\t\t\t\t<div class=\"elementor-element elementor-element-d5f1fd9 elementor-widget elementor-widget-text-editor\" data-id=\"d5f1fd9\" data-element_type=\"widget\" data-e-type=\"widget\" data-widget_type=\"text-editor.default\">\n\t\t\t\t\t\t\t\t\t<p>Aggiorniamo costantemente i contenuti per offrirti il meglio.<\/p>\t\t\t\t\t\t\t\t<\/div>\n\t\t\t\t\t<\/div>\n\t\t<\/div>\n\t\t\t\t\t<\/div>\n\t\t<\/section>\n\t\t\t\t\t<\/div>\n\t\t<\/div>\n\t\t\t\t\t<\/div>\n\t\t<\/section>\n\t\t\t\t<section class=\"no_anim elementor-section elementor-top-section elementor-element elementor-element-056b5ca elementor-section-boxed elementor-section-height-default elementor-section-height-default\" data-id=\"056b5ca\" data-element_type=\"section\" data-e-type=\"section\">\n\t\t\t\t\t\t<div class=\"elementor-container elementor-column-gap-default\">\n\t\t\t\t\t<div class=\"no_anim elementor-column elementor-col-100 elementor-top-column elementor-element elementor-element-7455f38\" data-id=\"7455f38\" data-element_type=\"column\" data-e-type=\"column\">\n\t\t\t<div class=\"elementor-widget-wrap elementor-element-populated\">\n\t\t\t\t\t\t<div class=\"elementor-element elementor-element-492875d elementor-widget elementor-widget-text-editor\" data-id=\"492875d\" data-element_type=\"widget\" data-e-type=\"widget\" data-widget_type=\"text-editor.default\">\n\t\t\t\t\t\t\t\t\t<p><strong>Donne <\/strong><\/p><p><strong>riprendiamo in mano la nostra vita <\/strong><\/p><p><strong>per ri-programmare il mondo <\/strong><\/p><p><strong>che lasceremo <\/strong><\/p><p><strong>ai nostri figli\u2026<\/strong><\/p>\t\t\t\t\t\t\t\t<\/div>\n\t\t\t\t\t<\/div>\n\t\t<\/div>\n\t\t\t\t\t<\/div>\n\t\t<\/section>\n\t\t\t\t<\/div>\n\t\t","protected":false},"excerpt":{"rendered":"<p>Dott.ssa Alessandra Salerno Laurea in Ostetricia nel 2007 presso l\u2019Universit\u00e0 \u201cLa Sapienza\u201d di Roma con votazione di 110 e lode, ha lavorato presso la Casa di Maternit\u00e0: Casa Mia; dopo una lunga serie di corsi di formazione diventa Direttrice del centro, che lei stessa ha fondato nel 2011, Studio Ostetrico. Da Ostetrica diventa anche Counsellor [&hellip;]<\/p>\n","protected":false},"author":1,"featured_media":0,"parent":0,"menu_order":0,"comment_status":"closed","ping_status":"closed","template":"full-width-template.php","meta":{"_acf_changed":false,"_sitemap_exclude":false,"_sitemap_priority":"","_sitemap_frequency":"","footnotes":""},"class_list":["post-209","page","type-page","status-publish","hentry"],"acf":[],"yoast_head":"<!-- This site is optimized with the Yoast SEO plugin v27.0 - https:\/\/yoast.com\/product\/yoast-seo-wordpress\/ -->\n<title>Chi sono - Femminilmente<\/title>\n<meta name=\"robots\" content=\"index, follow, max-snippet:-1, max-image-preview:large, max-video-preview:-1\" \/>\n<link rel=\"canonical\" href=\"https:\/\/accademiafemminilmente.it\/?page_id=209\" \/>\n<meta property=\"og:locale\" content=\"it_IT\" \/>\n<meta property=\"og:type\" content=\"article\" \/>\n<meta property=\"og:title\" content=\"Chi sono - Femminilmente\" \/>\n<meta property=\"og:description\" content=\"Dott.ssa Alessandra Salerno Laurea in Ostetricia nel 2007 presso l\u2019Universit\u00e0 \u201cLa Sapienza\u201d di Roma con votazione di 110 e lode, ha lavorato presso la Casa di Maternit\u00e0: Casa Mia; dopo una lunga serie di corsi di formazione diventa Direttrice del centro, che lei stessa ha fondato nel 2011, Studio Ostetrico. Da Ostetrica diventa anche Counsellor [&hellip;]\" \/>\n<meta property=\"og:url\" content=\"https:\/\/accademiafemminilmente.it\/?page_id=209\" \/>\n<meta property=\"og:site_name\" content=\"Femminilmente\" \/>\n<meta property=\"article:publisher\" content=\"https:\/\/www.facebook.com\/mewaby\" \/>\n<meta property=\"article:modified_time\" content=\"2025-12-22T13:05:01+00:00\" \/>\n<meta property=\"og:image\" content=\"https:\/\/accademiafemminilmente.it\/wp-content\/uploads\/elementor\/thumbs\/foto-salerno-1-rfnqvj3upnckiqhpwrfpiqzxm2esa1mccxpackt5kc.jpg\" \/>\n<meta name=\"twitter:card\" content=\"summary_large_image\" \/>\n<meta name=\"twitter:label1\" content=\"Tempo di lettura stimato\" \/>\n\t<meta name=\"twitter:data1\" content=\"2 minuti\" \/>\n<script type=\"application\/ld+json\" class=\"yoast-schema-graph\">{\"@context\":\"https:\/\/schema.org\",\"@graph\":[{\"@type\":\"WebPage\",\"@id\":\"https:\/\/accademiafemminilmente.it\/?page_id=209\",\"url\":\"https:\/\/accademiafemminilmente.it\/?page_id=209\",\"name\":\"Chi sono - Femminilmente\",\"isPartOf\":{\"@id\":\"https:\/\/accademiafemminilmente.it\/#website\"},\"primaryImageOfPage\":{\"@id\":\"https:\/\/accademiafemminilmente.it\/?page_id=209#primaryimage\"},\"image\":{\"@id\":\"https:\/\/accademiafemminilmente.it\/?page_id=209#primaryimage\"},\"thumbnailUrl\":\"https:\/\/accademiafemminilmente.it\/wp-content\/uploads\/elementor\/thumbs\/foto-salerno-1-rfnqvj3upnckiqhpwrfpiqzxm2esa1mccxpackt5kc.jpg\",\"datePublished\":\"2018-03-23T10:06:34+00:00\",\"dateModified\":\"2025-12-22T13:05:01+00:00\",\"breadcrumb\":{\"@id\":\"https:\/\/accademiafemminilmente.it\/?page_id=209#breadcrumb\"},\"inLanguage\":\"it-IT\",\"potentialAction\":[{\"@type\":\"ReadAction\",\"target\":[\"https:\/\/accademiafemminilmente.it\/?page_id=209\"]}]},{\"@type\":\"ImageObject\",\"inLanguage\":\"it-IT\",\"@id\":\"https:\/\/accademiafemminilmente.it\/?page_id=209#primaryimage\",\"url\":\"https:\/\/accademiafemminilmente.it\/wp-content\/uploads\/elementor\/thumbs\/foto-salerno-1-rfnqvj3upnckiqhpwrfpiqzxm2esa1mccxpackt5kc.jpg\",\"contentUrl\":\"https:\/\/accademiafemminilmente.it\/wp-content\/uploads\/elementor\/thumbs\/foto-salerno-1-rfnqvj3upnckiqhpwrfpiqzxm2esa1mccxpackt5kc.jpg\"},{\"@type\":\"BreadcrumbList\",\"@id\":\"https:\/\/accademiafemminilmente.it\/?page_id=209#breadcrumb\",\"itemListElement\":[{\"@type\":\"ListItem\",\"position\":1,\"name\":\"Home\",\"item\":\"https:\/\/accademiafemminilmente.it\/\"},{\"@type\":\"ListItem\",\"position\":2,\"name\":\"Chi sono\"}]},{\"@type\":\"WebSite\",\"@id\":\"https:\/\/accademiafemminilmente.it\/#website\",\"url\":\"https:\/\/accademiafemminilmente.it\/\",\"name\":\"Accademia Femminilmente\",\"description\":\"riprendiamo in mano la nostra vita\",\"publisher\":{\"@id\":\"https:\/\/accademiafemminilmente.it\/#organization\"},\"potentialAction\":[{\"@type\":\"SearchAction\",\"target\":{\"@type\":\"EntryPoint\",\"urlTemplate\":\"https:\/\/accademiafemminilmente.it\/?s={search_term_string}\"},\"query-input\":{\"@type\":\"PropertyValueSpecification\",\"valueRequired\":true,\"valueName\":\"search_term_string\"}}],\"inLanguage\":\"it-IT\"},{\"@type\":\"Organization\",\"@id\":\"https:\/\/accademiafemminilmente.it\/#organization\",\"name\":\"Femminilmente\",\"url\":\"https:\/\/accademiafemminilmente.it\/\",\"logo\":{\"@type\":\"ImageObject\",\"inLanguage\":\"it-IT\",\"@id\":\"https:\/\/accademiafemminilmente.it\/#\/schema\/logo\/image\/\",\"url\":\"https:\/\/accademiafemminilmente.it\/wp-content\/uploads\/2025\/11\/femminilmente-1-1.svg\",\"contentUrl\":\"https:\/\/accademiafemminilmente.it\/wp-content\/uploads\/2025\/11\/femminilmente-1-1.svg\",\"width\":1920,\"height\":356,\"caption\":\"Femminilmente\"},\"image\":{\"@id\":\"https:\/\/accademiafemminilmente.it\/#\/schema\/logo\/image\/\"},\"sameAs\":[\"https:\/\/www.facebook.com\/mewaby\",\"https:\/\/www.facebook.com\/studioostetricoalessandra.salerno\",\"https:\/\/www.instagram.com\/metodomewaby\",\"https:\/\/www.instagram.com\/dottoressa.salerno?igsh=b2t5d2ZldWptZngw\"]}]}<\/script>\n<!-- \/ Yoast SEO plugin. -->","yoast_head_json":{"title":"Chi sono - Femminilmente","robots":{"index":"index","follow":"follow","max-snippet":"max-snippet:-1","max-image-preview":"max-image-preview:large","max-video-preview":"max-video-preview:-1"},"canonical":"https:\/\/accademiafemminilmente.it\/?page_id=209","og_locale":"it_IT","og_type":"article","og_title":"Chi sono - Femminilmente","og_description":"Dott.ssa Alessandra Salerno Laurea in Ostetricia nel 2007 presso l\u2019Universit\u00e0 \u201cLa Sapienza\u201d di Roma con votazione di 110 e lode, ha lavorato presso la Casa di Maternit\u00e0: Casa Mia; dopo una lunga serie di corsi di formazione diventa Direttrice del centro, che lei stessa ha fondato nel 2011, Studio Ostetrico. Da Ostetrica diventa anche Counsellor [&hellip;]","og_url":"https:\/\/accademiafemminilmente.it\/?page_id=209","og_site_name":"Femminilmente","article_publisher":"https:\/\/www.facebook.com\/mewaby","article_modified_time":"2025-12-22T13:05:01+00:00","og_image":[{"url":"https:\/\/accademiafemminilmente.it\/wp-content\/uploads\/elementor\/thumbs\/foto-salerno-1-rfnqvj3upnckiqhpwrfpiqzxm2esa1mccxpackt5kc.jpg","type":"","width":"","height":""}],"twitter_card":"summary_large_image","twitter_misc":{"Tempo di lettura stimato":"2 minuti"},"schema":{"@context":"https:\/\/schema.org","@graph":[{"@type":"WebPage","@id":"https:\/\/accademiafemminilmente.it\/?page_id=209","url":"https:\/\/accademiafemminilmente.it\/?page_id=209","name":"Chi sono - Femminilmente","isPartOf":{"@id":"https:\/\/accademiafemminilmente.it\/#website"},"primaryImageOfPage":{"@id":"https:\/\/accademiafemminilmente.it\/?page_id=209#primaryimage"},"image":{"@id":"https:\/\/accademiafemminilmente.it\/?page_id=209#primaryimage"},"thumbnailUrl":"https:\/\/accademiafemminilmente.it\/wp-content\/uploads\/elementor\/thumbs\/foto-salerno-1-rfnqvj3upnckiqhpwrfpiqzxm2esa1mccxpackt5kc.jpg","datePublished":"2018-03-23T10:06:34+00:00","dateModified":"2025-12-22T13:05:01+00:00","breadcrumb":{"@id":"https:\/\/accademiafemminilmente.it\/?page_id=209#breadcrumb"},"inLanguage":"it-IT","potentialAction":[{"@type":"ReadAction","target":["https:\/\/accademiafemminilmente.it\/?page_id=209"]}]},{"@type":"ImageObject","inLanguage":"it-IT","@id":"https:\/\/accademiafemminilmente.it\/?page_id=209#primaryimage","url":"https:\/\/accademiafemminilmente.it\/wp-content\/uploads\/elementor\/thumbs\/foto-salerno-1-rfnqvj3upnckiqhpwrfpiqzxm2esa1mccxpackt5kc.jpg","contentUrl":"https:\/\/accademiafemminilmente.it\/wp-content\/uploads\/elementor\/thumbs\/foto-salerno-1-rfnqvj3upnckiqhpwrfpiqzxm2esa1mccxpackt5kc.jpg"},{"@type":"BreadcrumbList","@id":"https:\/\/accademiafemminilmente.it\/?page_id=209#breadcrumb","itemListElement":[{"@type":"ListItem","position":1,"name":"Home","item":"https:\/\/accademiafemminilmente.it\/"},{"@type":"ListItem","position":2,"name":"Chi sono"}]},{"@type":"WebSite","@id":"https:\/\/accademiafemminilmente.it\/#website","url":"https:\/\/accademiafemminilmente.it\/","name":"Accademia Femminilmente","description":"riprendiamo in mano la nostra vita","publisher":{"@id":"https:\/\/accademiafemminilmente.it\/#organization"},"potentialAction":[{"@type":"SearchAction","target":{"@type":"EntryPoint","urlTemplate":"https:\/\/accademiafemminilmente.it\/?s={search_term_string}"},"query-input":{"@type":"PropertyValueSpecification","valueRequired":true,"valueName":"search_term_string"}}],"inLanguage":"it-IT"},{"@type":"Organization","@id":"https:\/\/accademiafemminilmente.it\/#organization","name":"Femminilmente","url":"https:\/\/accademiafemminilmente.it\/","logo":{"@type":"ImageObject","inLanguage":"it-IT","@id":"https:\/\/accademiafemminilmente.it\/#\/schema\/logo\/image\/","url":"https:\/\/accademiafemminilmente.it\/wp-content\/uploads\/2025\/11\/femminilmente-1-1.svg","contentUrl":"https:\/\/accademiafemminilmente.it\/wp-content\/uploads\/2025\/11\/femminilmente-1-1.svg","width":1920,"height":356,"caption":"Femminilmente"},"image":{"@id":"https:\/\/accademiafemminilmente.it\/#\/schema\/logo\/image\/"},"sameAs":["https:\/\/www.facebook.com\/mewaby","https:\/\/www.facebook.com\/studioostetricoalessandra.salerno","https:\/\/www.instagram.com\/metodomewaby","https:\/\/www.instagram.com\/dottoressa.salerno?igsh=b2t5d2ZldWptZngw"]}]}},"_links":{"self":[{"href":"https:\/\/accademiafemminilmente.it\/index.php?rest_route=\/wp\/v2\/pages\/209","targetHints":{"allow":["GET"]}}],"collection":[{"href":"https:\/\/accademiafemminilmente.it\/index.php?rest_route=\/wp\/v2\/pages"}],"about":[{"href":"https:\/\/accademiafemminilmente.it\/index.php?rest_route=\/wp\/v2\/types\/page"}],"author":[{"embeddable":true,"href":"https:\/\/accademiafemminilmente.it\/index.php?rest_route=\/wp\/v2\/users\/1"}],"replies":[{"embeddable":true,"href":"https:\/\/accademiafemminilmente.it\/index.php?rest_route=%2Fwp%2Fv2%2Fcomments&post=209"}],"version-history":[{"count":16,"href":"https:\/\/accademiafemminilmente.it\/index.php?rest_route=\/wp\/v2\/pages\/209\/revisions"}],"predecessor-version":[{"id":4397,"href":"https:\/\/accademiafemminilmente.it\/index.php?rest_route=\/wp\/v2\/pages\/209\/revisions\/4397"}],"wp:attachment":[{"href":"https:\/\/accademiafemminilmente.it\/index.php?rest_route=%2Fwp%2Fv2%2Fmedia&parent=209"}],"curies":[{"name":"wp","href":"https:\/\/api.w.org\/{rel}","templated":true}]}}